{"id":9174,"date":"2022-02-20T10:45:59","date_gmt":"2022-02-20T08:45:59","guid":{"rendered":"https:\/\/www.schellingschule.de\/?page_id=9174"},"modified":"2022-02-20T10:47:16","modified_gmt":"2022-02-20T08:47:16","slug":"bild-des-monats-bis-februar-2022","status":"publish","type":"page","link":"https:\/\/www.schellingschule.de\/?page_id=9174","title":{"rendered":"Bild des Monats bis Februar 2022"},"content":{"rendered":"\n<p>Vor einem Jahr mussten wir an dieser Stelle das Bild des Monats aussetzen. Nun sind wir alle in der Schellingschule froh, dass wir dieses Jahr mit unseren Sch\u00fclern gemeinsam in der Schule lernen d\u00fcrfen.<\/p>\n\n\n\n<p>Deshalb entstanden auch in den letzten Wochen viele sch\u00f6ne Beitr\u00e4ge zum Thema &#8222;Tiere&#8220;.<\/p>\n\n\n\n<p>Hier einen kleinen Einblick in die Arbeit der Kinder aus allen Klassenstufen, einschlie\u00dflich der VKL-Klasse. <\/p>\n\n\n\n<figure class=\"wp-block-image size-large\"><img loading=\"lazy\" decoding=\"async\" width=\"1024\" height=\"768\" src=\"https:\/\/www.schellingschule.de\/wp-content\/uploads\/2022\/02\/IMG_0813-1024x768.jpg\" alt=\"\" class=\"wp-image-9175\" srcset=\"https:\/\/www.schellingschule.de\/wp-content\/uploads\/2022\/02\/IMG_0813-1024x768.jpg 1024w, https:\/\/www.schellingschule.de\/wp-content\/uploads\/2022\/02\/IMG_0813-300x225.jpg 300w, https:\/\/www.schellingschule.de\/wp-content\/uploads\/2022\/02\/IMG_0813-768x576.jpg 768w, https:\/\/www.schellingschule.de\/wp-content\/uploads\/2022\/02\/IMG_0813-1536x1152.jpg 1536w, https:\/\/www.schellingschule.de\/wp-content\/uploads\/2022\/02\/IMG_0813-2048x1536.jpg 2048w, https:\/\/www.schellingschule.de\/wp-content\/uploads\/2022\/02\/IMG_0813-400x300.jpg 400w\" sizes=\"auto, (max-width: 1024px) 100vw, 1024px\" \/><\/figure>\n\n\n\n<p><\/p>\n\n\n\n<p>Herzlichen Gl\u00fcckwunsch an alle Gewinner in diesem Durchgang!<\/p>\n\n\n\n<p>Klasse 1b: Erza<\/p>\n\n\n\n<figure class=\"wp-block-image size-large\"><img loading=\"lazy\" decoding=\"async\" width=\"1024\" height=\"768\" src=\"https:\/\/www.schellingschule.de\/wp-content\/uploads\/2022\/02\/IMG_0815-1024x768.jpg\" alt=\"\" class=\"wp-image-9176\" srcset=\"https:\/\/www.schellingschule.de\/wp-content\/uploads\/2022\/02\/IMG_0815-1024x768.jpg 1024w, https:\/\/www.schellingschule.de\/wp-content\/uploads\/2022\/02\/IMG_0815-300x225.jpg 300w, https:\/\/www.schellingschule.de\/wp-content\/uploads\/2022\/02\/IMG_0815-768x576.jpg 768w, https:\/\/www.schellingschule.de\/wp-content\/uploads\/2022\/02\/IMG_0815-1536x1152.jpg 1536w, https:\/\/www.schellingschule.de\/wp-content\/uploads\/2022\/02\/IMG_0815-2048x1536.jpg 2048w, https:\/\/www.schellingschule.de\/wp-content\/uploads\/2022\/02\/IMG_0815-400x300.jpg 400w\" sizes=\"auto, (max-width: 1024px) 100vw, 1024px\" \/><\/figure>\n\n\n\n<p>Klasse 2a: Daniil<\/p>\n\n\n\n<figure class=\"wp-block-image size-large\"><img loading=\"lazy\" decoding=\"async\" width=\"1024\" height=\"768\" src=\"https:\/\/www.schellingschule.de\/wp-content\/uploads\/2022\/02\/IMG_0816-1024x768.jpg\" alt=\"\" class=\"wp-image-9177\" srcset=\"https:\/\/www.schellingschule.de\/wp-content\/uploads\/2022\/02\/IMG_0816-1024x768.jpg 1024w, https:\/\/www.schellingschule.de\/wp-content\/uploads\/2022\/02\/IMG_0816-300x225.jpg 300w, https:\/\/www.schellingschule.de\/wp-content\/uploads\/2022\/02\/IMG_0816-768x576.jpg 768w, https:\/\/www.schellingschule.de\/wp-content\/uploads\/2022\/02\/IMG_0816-1536x1152.jpg 1536w, https:\/\/www.schellingschule.de\/wp-content\/uploads\/2022\/02\/IMG_0816-2048x1536.jpg 2048w, https:\/\/www.schellingschule.de\/wp-content\/uploads\/2022\/02\/IMG_0816-400x300.jpg 400w\" sizes=\"auto, (max-width: 1024px) 100vw, 1024px\" \/><\/figure>\n\n\n\n<p>Klasse 3b: Doppelsieger:<\/p>\n\n\n\n<p>Leonie<\/p>\n\n\n\n<figure class=\"wp-block-image size-large\"><img loading=\"lazy\" decoding=\"async\" width=\"768\" height=\"1024\" src=\"https:\/\/www.schellingschule.de\/wp-content\/uploads\/2022\/02\/IMG_0818-768x1024.jpg\" alt=\"\" class=\"wp-image-9179\" srcset=\"https:\/\/www.schellingschule.de\/wp-content\/uploads\/2022\/02\/IMG_0818-768x1024.jpg 768w, https:\/\/www.schellingschule.de\/wp-content\/uploads\/2022\/02\/IMG_0818-225x300.jpg 225w, https:\/\/www.schellingschule.de\/wp-content\/uploads\/2022\/02\/IMG_0818-1152x1536.jpg 1152w, https:\/\/www.schellingschule.de\/wp-content\/uploads\/2022\/02\/IMG_0818-1536x2048.jpg 1536w, https:\/\/www.schellingschule.de\/wp-content\/uploads\/2022\/02\/IMG_0818-scaled.jpg 1920w\" sizes=\"auto, (max-width: 768px) 100vw, 768px\" \/><\/figure>\n\n\n\n<p>Jan:<\/p>\n\n\n\n<figure class=\"wp-block-image size-large\"><img loading=\"lazy\" decoding=\"async\" width=\"1024\" height=\"768\" src=\"https:\/\/www.schellingschule.de\/wp-content\/uploads\/2022\/02\/IMG_0819-1024x768.jpg\" alt=\"\" class=\"wp-image-9180\" srcset=\"https:\/\/www.schellingschule.de\/wp-content\/uploads\/2022\/02\/IMG_0819-1024x768.jpg 1024w, https:\/\/www.schellingschule.de\/wp-content\/uploads\/2022\/02\/IMG_0819-300x225.jpg 300w, https:\/\/www.schellingschule.de\/wp-content\/uploads\/2022\/02\/IMG_0819-768x576.jpg 768w, https:\/\/www.schellingschule.de\/wp-content\/uploads\/2022\/02\/IMG_0819-1536x1152.jpg 1536w, https:\/\/www.schellingschule.de\/wp-content\/uploads\/2022\/02\/IMG_0819-2048x1536.jpg 2048w, https:\/\/www.schellingschule.de\/wp-content\/uploads\/2022\/02\/IMG_0819-400x300.jpg 400w\" sizes=\"auto, (max-width: 1024px) 100vw, 1024px\" \/><\/figure>\n\n\n\n<p>Klasse 4a: Lana<\/p>\n\n\n\n<figure class=\"wp-block-image size-large\"><img loading=\"lazy\" decoding=\"async\" width=\"1024\" height=\"768\" src=\"https:\/\/www.schellingschule.de\/wp-content\/uploads\/2022\/02\/IMG_0820-1024x768.jpg\" alt=\"\" class=\"wp-image-9181\" srcset=\"https:\/\/www.schellingschule.de\/wp-content\/uploads\/2022\/02\/IMG_0820-1024x768.jpg 1024w, https:\/\/www.schellingschule.de\/wp-content\/uploads\/2022\/02\/IMG_0820-300x225.jpg 300w, https:\/\/www.schellingschule.de\/wp-content\/uploads\/2022\/02\/IMG_0820-768x576.jpg 768w, https:\/\/www.schellingschule.de\/wp-content\/uploads\/2022\/02\/IMG_0820-1536x1152.jpg 1536w, https:\/\/www.schellingschule.de\/wp-content\/uploads\/2022\/02\/IMG_0820-2048x1536.jpg 2048w, https:\/\/www.schellingschule.de\/wp-content\/uploads\/2022\/02\/IMG_0820-400x300.jpg 400w\" sizes=\"auto, (max-width: 1024px) 100vw, 1024px\" \/><\/figure>\n\n\n\n<p>Vielen Dank f\u00fcr die sch\u00f6nen Beitr\u00e4ge! Toll gemacht!<\/p>\n","protected":false},"excerpt":{"rendered":"<p>Vor einem Jahr mussten wir an dieser Stelle das Bild des Monats aussetzen. Nun sind wir alle in der Schellingschule froh, dass wir dieses Jahr mit unseren Sch\u00fclern gemeinsam in der Schule lernen d\u00fcrfen. Deshalb entstanden auch in den letzten &hellip; <a href=\"https:\/\/www.schellingschule.de\/?page_id=9174\">Weiterlesen <span class=\"meta-nav\">&rarr;<\/span><\/a><\/p>\n","protected":false},"author":7,"featured_media":0,"parent":0,"menu_order":0,"comment_status":"closed","ping_status":"closed","template":"","meta":{"footnotes":""},"class_list":["post-9174","page","type-page","status-publish","hentry"],"_links":{"self":[{"href":"https:\/\/www.schellingschule.de\/index.php?rest_route=\/wp\/v2\/pages\/9174","targetHints":{"allow":["GET"]}}],"collection":[{"href":"https:\/\/www.schellingschule.de\/index.php?rest_route=\/wp\/v2\/pages"}],"about":[{"href":"https:\/\/www.schellingschule.de\/index.php?rest_route=\/wp\/v2\/types\/page"}],"author":[{"embeddable":true,"href":"https:\/\/www.schellingschule.de\/index.php?rest_route=\/wp\/v2\/users\/7"}],"replies":[{"embeddable":true,"href":"https:\/\/www.schellingschule.de\/index.php?rest_route=%2Fwp%2Fv2%2Fcomments&post=9174"}],"version-history":[{"count":4,"href":"https:\/\/www.schellingschule.de\/index.php?rest_route=\/wp\/v2\/pages\/9174\/revisions"}],"predecessor-version":[{"id":9191,"href":"https:\/\/www.schellingschule.de\/index.php?rest_route=\/wp\/v2\/pages\/9174\/revisions\/9191"}],"wp:attachment":[{"href":"https:\/\/www.schellingschule.de\/index.php?rest_route=%2Fwp%2Fv2%2Fmedia&parent=9174"}],"curies":[{"name":"wp","href":"https:\/\/api.w.org\/{rel}","templated":true}]}}