{"id":8587,"date":"2020-11-26T23:15:54","date_gmt":"2020-11-26T21:15:54","guid":{"rendered":"https:\/\/www.schellingschule.de\/?page_id=8587"},"modified":"2020-11-26T23:15:54","modified_gmt":"2020-11-26T21:15:54","slug":"bild-des-monats-bis-november","status":"publish","type":"page","link":"https:\/\/www.schellingschule.de\/?page_id=8587","title":{"rendered":"Bild des Monats bis November"},"content":{"rendered":"\n<p>Unter dem Motto &#8222;Mein Traum&#8220; durften die Sch\u00fcler und Sch\u00fclerinnen der Schellingschule ihren Traum malen.<\/p>\n\n\n\n<p>W\u00e4hrend die einen Sch\u00fcler ihren sch\u00f6nsten Traum aufmalten, gab es bei anderen auch Tr\u00e4ume, die keine guten Erinnerungen heraufholten.<\/p>\n\n\n\n<p>Aus jeder Klassenstufe wurden flei\u00dfig die unterschiedlichsten Bilder abgegeben, sodass die Auswahl auch dieses Mal nicht einfach war.<\/p>\n\n\n\n<p>Hier einen kleinen Einblick in die gelungene Kunstwerke unsere Sch\u00fcler:<\/p>\n\n\n\n<figure class=\"wp-block-image size-large\"><img loading=\"lazy\" decoding=\"async\" width=\"1024\" height=\"789\" src=\"https:\/\/www.schellingschule.de\/wp-content\/uploads\/2020\/11\/DSCF5640-1-1024x789.jpg\" alt=\"\" class=\"wp-image-8590\" srcset=\"https:\/\/www.schellingschule.de\/wp-content\/uploads\/2020\/11\/DSCF5640-1-1024x789.jpg 1024w, https:\/\/www.schellingschule.de\/wp-content\/uploads\/2020\/11\/DSCF5640-1-300x231.jpg 300w, https:\/\/www.schellingschule.de\/wp-content\/uploads\/2020\/11\/DSCF5640-1-768x592.jpg 768w, https:\/\/www.schellingschule.de\/wp-content\/uploads\/2020\/11\/DSCF5640-1-1536x1183.jpg 1536w, https:\/\/www.schellingschule.de\/wp-content\/uploads\/2020\/11\/DSCF5640-1-2048x1577.jpg 2048w, https:\/\/www.schellingschule.de\/wp-content\/uploads\/2020\/11\/DSCF5640-1-390x300.jpg 390w\" sizes=\"auto, (max-width: 1024px) 100vw, 1024px\" \/><\/figure>\n\n\n\n<p><\/p>\n\n\n\n<p>Unsere Gewinner sind dabei<\/p>\n\n\n\n<p class=\"has-text-align-center\">aus Klasse 1: Enna<\/p>\n\n\n\n<figure class=\"wp-block-image size-large\"><img loading=\"lazy\" decoding=\"async\" width=\"768\" height=\"1024\" src=\"https:\/\/www.schellingschule.de\/wp-content\/uploads\/2020\/11\/DSCF5645-1-768x1024.jpg\" alt=\"\" class=\"wp-image-8591\" srcset=\"https:\/\/www.schellingschule.de\/wp-content\/uploads\/2020\/11\/DSCF5645-1-768x1024.jpg 768w, https:\/\/www.schellingschule.de\/wp-content\/uploads\/2020\/11\/DSCF5645-1-225x300.jpg 225w, https:\/\/www.schellingschule.de\/wp-content\/uploads\/2020\/11\/DSCF5645-1-1152x1536.jpg 1152w, https:\/\/www.schellingschule.de\/wp-content\/uploads\/2020\/11\/DSCF5645-1-1536x2048.jpg 1536w, https:\/\/www.schellingschule.de\/wp-content\/uploads\/2020\/11\/DSCF5645-1-scaled.jpg 1920w\" sizes=\"auto, (max-width: 768px) 100vw, 768px\" \/><\/figure>\n\n\n\n<p class=\"has-text-align-center\">aus Klasse 2: Henry<\/p>\n\n\n\n<figure class=\"wp-block-image size-large\"><img loading=\"lazy\" decoding=\"async\" width=\"1024\" height=\"768\" src=\"https:\/\/www.schellingschule.de\/wp-content\/uploads\/2020\/11\/DSCF5646-1024x768.jpg\" alt=\"\" class=\"wp-image-8592\" srcset=\"https:\/\/www.schellingschule.de\/wp-content\/uploads\/2020\/11\/DSCF5646-1024x768.jpg 1024w, https:\/\/www.schellingschule.de\/wp-content\/uploads\/2020\/11\/DSCF5646-300x225.jpg 300w, https:\/\/www.schellingschule.de\/wp-content\/uploads\/2020\/11\/DSCF5646-768x576.jpg 768w, https:\/\/www.schellingschule.de\/wp-content\/uploads\/2020\/11\/DSCF5646-1536x1152.jpg 1536w, https:\/\/www.schellingschule.de\/wp-content\/uploads\/2020\/11\/DSCF5646-2048x1536.jpg 2048w, https:\/\/www.schellingschule.de\/wp-content\/uploads\/2020\/11\/DSCF5646-400x300.jpg 400w\" sizes=\"auto, (max-width: 1024px) 100vw, 1024px\" \/><\/figure>\n\n\n\n<p class=\"has-text-align-center\">aus Klasse 3: Idil<\/p>\n\n\n\n<figure class=\"wp-block-image size-large\"><img loading=\"lazy\" decoding=\"async\" width=\"768\" height=\"1024\" src=\"https:\/\/www.schellingschule.de\/wp-content\/uploads\/2020\/11\/DSCF5647-768x1024.jpg\" alt=\"\" class=\"wp-image-8593\" srcset=\"https:\/\/www.schellingschule.de\/wp-content\/uploads\/2020\/11\/DSCF5647-768x1024.jpg 768w, https:\/\/www.schellingschule.de\/wp-content\/uploads\/2020\/11\/DSCF5647-225x300.jpg 225w, https:\/\/www.schellingschule.de\/wp-content\/uploads\/2020\/11\/DSCF5647-1152x1536.jpg 1152w, https:\/\/www.schellingschule.de\/wp-content\/uploads\/2020\/11\/DSCF5647-1536x2048.jpg 1536w, https:\/\/www.schellingschule.de\/wp-content\/uploads\/2020\/11\/DSCF5647-scaled.jpg 1920w\" sizes=\"auto, (max-width: 768px) 100vw, 768px\" \/><\/figure>\n\n\n\n<p class=\"has-text-align-center\">aus Klasse 4: Roman<\/p>\n\n\n\n<figure class=\"wp-block-image size-large\"><img loading=\"lazy\" decoding=\"async\" width=\"768\" height=\"1024\" src=\"https:\/\/www.schellingschule.de\/wp-content\/uploads\/2020\/11\/DSCF5648-768x1024.jpg\" alt=\"\" class=\"wp-image-8594\" srcset=\"https:\/\/www.schellingschule.de\/wp-content\/uploads\/2020\/11\/DSCF5648-768x1024.jpg 768w, https:\/\/www.schellingschule.de\/wp-content\/uploads\/2020\/11\/DSCF5648-225x300.jpg 225w, https:\/\/www.schellingschule.de\/wp-content\/uploads\/2020\/11\/DSCF5648-1152x1536.jpg 1152w, https:\/\/www.schellingschule.de\/wp-content\/uploads\/2020\/11\/DSCF5648-1536x2048.jpg 1536w, https:\/\/www.schellingschule.de\/wp-content\/uploads\/2020\/11\/DSCF5648-scaled.jpg 1920w\" sizes=\"auto, (max-width: 768px) 100vw, 768px\" \/><\/figure>\n\n\n\n<p>Herzlichen Gl\u00fcckwunsch an alle Gewinner! <\/p>\n\n\n\n<p>Toll gemacht!<\/p>\n","protected":false},"excerpt":{"rendered":"<p>Unter dem Motto &#8222;Mein Traum&#8220; durften die Sch\u00fcler und Sch\u00fclerinnen der Schellingschule ihren Traum malen. W\u00e4hrend die einen Sch\u00fcler ihren sch\u00f6nsten Traum aufmalten, gab es bei anderen auch Tr\u00e4ume, die keine guten Erinnerungen heraufholten. Aus jeder Klassenstufe wurden flei\u00dfig die &hellip; <a href=\"https:\/\/www.schellingschule.de\/?page_id=8587\">Weiterlesen <span class=\"meta-nav\">&rarr;<\/span><\/a><\/p>\n","protected":false},"author":7,"featured_media":0,"parent":0,"menu_order":0,"comment_status":"closed","ping_status":"closed","template":"","meta":{"footnotes":""},"class_list":["post-8587","page","type-page","status-publish","hentry"],"_links":{"self":[{"href":"https:\/\/www.schellingschule.de\/index.php?rest_route=\/wp\/v2\/pages\/8587","targetHints":{"allow":["GET"]}}],"collection":[{"href":"https:\/\/www.schellingschule.de\/index.php?rest_route=\/wp\/v2\/pages"}],"about":[{"href":"https:\/\/www.schellingschule.de\/index.php?rest_route=\/wp\/v2\/types\/page"}],"author":[{"embeddable":true,"href":"https:\/\/www.schellingschule.de\/index.php?rest_route=\/wp\/v2\/users\/7"}],"replies":[{"embeddable":true,"href":"https:\/\/www.schellingschule.de\/index.php?rest_route=%2Fwp%2Fv2%2Fcomments&post=8587"}],"version-history":[{"count":2,"href":"https:\/\/www.schellingschule.de\/index.php?rest_route=\/wp\/v2\/pages\/8587\/revisions"}],"predecessor-version":[{"id":8596,"href":"https:\/\/www.schellingschule.de\/index.php?rest_route=\/wp\/v2\/pages\/8587\/revisions\/8596"}],"wp:attachment":[{"href":"https:\/\/www.schellingschule.de\/index.php?rest_route=%2Fwp%2Fv2%2Fmedia&parent=8587"}],"curies":[{"name":"wp","href":"https:\/\/api.w.org\/{rel}","templated":true}]}}