{"id":6410,"date":"2017-03-25T19:30:46","date_gmt":"2017-03-25T17:30:46","guid":{"rendered":"http:\/\/www.schellingschule.de\/?page_id=6410"},"modified":"2017-03-25T19:39:06","modified_gmt":"2017-03-25T17:39:06","slug":"6410-2","status":"publish","type":"page","link":"https:\/\/www.schellingschule.de\/?page_id=6410","title":{"rendered":"Die Zweitkl\u00e4ssler spielen Indianer"},"content":{"rendered":"<p style=\"text-align: center;\">Ein spannender Lese-R\u00e4tselabend<\/p>\n<p style=\"text-align: center;\"><img loading=\"lazy\" decoding=\"async\" class=\"size-full wp-image-6414 alignright\" src=\"http:\/\/www.schellingschule.de\/wp-content\/uploads\/2017\/03\/Leseraetselabend-2.jpg\" alt=\"\" width=\"320\" height=\"240\" srcset=\"https:\/\/www.schellingschule.de\/wp-content\/uploads\/2017\/03\/Leseraetselabend-2.jpg 320w, https:\/\/www.schellingschule.de\/wp-content\/uploads\/2017\/03\/Leseraetselabend-2-300x225.jpg 300w\" sizes=\"auto, (max-width: 320px) 100vw, 320px\" \/><img loading=\"lazy\" decoding=\"async\" class=\"size-full wp-image-6415 alignleft\" src=\"http:\/\/www.schellingschule.de\/wp-content\/uploads\/2017\/03\/Leseraetselabend-3.jpg\" alt=\"\" width=\"240\" height=\"320\" srcset=\"https:\/\/www.schellingschule.de\/wp-content\/uploads\/2017\/03\/Leseraetselabend-3.jpg 240w, https:\/\/www.schellingschule.de\/wp-content\/uploads\/2017\/03\/Leseraetselabend-3-225x300.jpg 225w\" sizes=\"auto, (max-width: 240px) 100vw, 240px\" \/><\/p>\n<p>W\u00e4hrend der letzten zwei Wochen haben wir in den zweiten Klassen das Buch \u201eFliegender Pfeil\u201c von Ingrid Uebe gelesen. Als kr\u00f6nenden Abschluss des Buches trafen wir uns alle zu einem spannenden Lese-R\u00e4tselabend rund um das Thema \u201eIndianer\u201c im Allgemeinen und\u00a0zu unserem Buch im Speziellen. Jeder hatte etwas zu Essen mitgebracht, sodass wir uns zun\u00e4chst einmal an einem reichhaltigen Buffet st\u00e4rken konnten. Anschlie\u00dfend begaben wir uns ins Hauptgeb\u00e4ude der Schellingschule &#8211; unsere Lehrerinnen hatten auf drei Stockwerken verteilt f\u00fcr uns ein Leser\u00e4tselspiel aufgebaut! In Gruppen aufgeteilt wurden uns aufregende R\u00e4tsel gestellt, die wir am besten gemeinsam in unserem Team l\u00f6sen konnten. Jeder von uns zeigte vollen Einsatz, sodass es uns riesigen Spa\u00df bereitete, die kniffligen Aufgaben zu knacken. Am Ende erhielt jeder Sch\u00fcler eine Urkunde f\u00fcr das erfolgreiche Teilnehmen. Da dann noch etwas Zeit blieb, konnten wir den Abend mit einem kleinen Film gem\u00fctlich ausklingen lassen.<br \/>\n<img loading=\"lazy\" decoding=\"async\" class=\"size-full wp-image-6416 alignright\" src=\"http:\/\/www.schellingschule.de\/wp-content\/uploads\/2017\/03\/Leseraetselabend-4.jpg\" alt=\"\" width=\"320\" height=\"240\" srcset=\"https:\/\/www.schellingschule.de\/wp-content\/uploads\/2017\/03\/Leseraetselabend-4.jpg 320w, https:\/\/www.schellingschule.de\/wp-content\/uploads\/2017\/03\/Leseraetselabend-4-300x225.jpg 300w\" sizes=\"auto, (max-width: 320px) 100vw, 320px\" \/><\/p>\n<p>Das Buch \u201eFliegender Pfeil\u201c wird uns in Zukunft in guter Erinnerung bleiben!<br \/>\n<img loading=\"lazy\" decoding=\"async\" class=\"size-full wp-image-6413 aligncenter\" src=\"http:\/\/www.schellingschule.de\/wp-content\/uploads\/2017\/03\/Leseraetselabend-1.jpeg\" alt=\"\" width=\"320\" height=\"240\" srcset=\"https:\/\/www.schellingschule.de\/wp-content\/uploads\/2017\/03\/Leseraetselabend-1.jpeg 320w, https:\/\/www.schellingschule.de\/wp-content\/uploads\/2017\/03\/Leseraetselabend-1-300x225.jpeg 300w\" sizes=\"auto, (max-width: 320px) 100vw, 320px\" \/><\/p>\n","protected":false},"excerpt":{"rendered":"<p>Ein spannender Lese-R\u00e4tselabend W\u00e4hrend der letzten zwei Wochen haben wir in den zweiten Klassen das Buch \u201eFliegender Pfeil\u201c von Ingrid Uebe gelesen. Als kr\u00f6nenden Abschluss des Buches trafen wir uns alle zu einem spannenden Lese-R\u00e4tselabend rund um das Thema \u201eIndianer\u201c &hellip; <a href=\"https:\/\/www.schellingschule.de\/?page_id=6410\">Weiterlesen <span class=\"meta-nav\">&rarr;<\/span><\/a><\/p>\n","protected":false},"author":1,"featured_media":0,"parent":0,"menu_order":0,"comment_status":"closed","ping_status":"closed","template":"","meta":{"footnotes":""},"class_list":["post-6410","page","type-page","status-publish","hentry"],"_links":{"self":[{"href":"https:\/\/www.schellingschule.de\/index.php?rest_route=\/wp\/v2\/pages\/6410","targetHints":{"allow":["GET"]}}],"collection":[{"href":"https:\/\/www.schellingschule.de\/index.php?rest_route=\/wp\/v2\/pages"}],"about":[{"href":"https:\/\/www.schellingschule.de\/index.php?rest_route=\/wp\/v2\/types\/page"}],"author":[{"embeddable":true,"href":"https:\/\/www.schellingschule.de\/index.php?rest_route=\/wp\/v2\/users\/1"}],"replies":[{"embeddable":true,"href":"https:\/\/www.schellingschule.de\/index.php?rest_route=%2Fwp%2Fv2%2Fcomments&post=6410"}],"version-history":[{"count":6,"href":"https:\/\/www.schellingschule.de\/index.php?rest_route=\/wp\/v2\/pages\/6410\/revisions"}],"predecessor-version":[{"id":6421,"href":"https:\/\/www.schellingschule.de\/index.php?rest_route=\/wp\/v2\/pages\/6410\/revisions\/6421"}],"wp:attachment":[{"href":"https:\/\/www.schellingschule.de\/index.php?rest_route=%2Fwp%2Fv2%2Fmedia&parent=6410"}],"curies":[{"name":"wp","href":"https:\/\/api.w.org\/{rel}","templated":true}]}}