{"id":6345,"date":"2017-02-28T10:33:25","date_gmt":"2017-02-28T08:33:25","guid":{"rendered":"http:\/\/www.schellingschule.de\/?page_id=6345"},"modified":"2017-03-07T19:27:28","modified_gmt":"2017-03-07T17:27:28","slug":"the-coloring-party","status":"publish","type":"page","link":"https:\/\/www.schellingschule.de\/?page_id=6345","title":{"rendered":"The Coloring Party"},"content":{"rendered":"<p style=\"text-align: center;\">The Coloring Party<br \/>\n<img loading=\"lazy\" decoding=\"async\" class=\"alignleft size-full wp-image-6392\" src=\"http:\/\/www.schellingschule.de\/wp-content\/uploads\/2017\/03\/Warhol-003.jpg\" alt=\"\" width=\"735\" height=\"490\" srcset=\"https:\/\/www.schellingschule.de\/wp-content\/uploads\/2017\/03\/Warhol-003.jpg 735w, https:\/\/www.schellingschule.de\/wp-content\/uploads\/2017\/03\/Warhol-003-300x200.jpg 300w, https:\/\/www.schellingschule.de\/wp-content\/uploads\/2017\/03\/Warhol-003-450x300.jpg 450w\" sizes=\"auto, (max-width: 735px) 100vw, 735px\" \/><\/p>\n<p style=\"text-align: left;\">Der weltgr\u00f6\u00dfte Hausadventskalender in Gengenbach\/Kinzigtal zeigte 2016 Werke des Pop-Art-K\u00fcnstlers <em>Andy Warhol<\/em> (1928 \u2013 1987) &#8211; jeden Tag wurde dabei ein neues Fenster der Rathausfassade ge\u00f6ffnet und ein anderes Bild des ber\u00fchmten K\u00fcnstlers war zu bestaunen.<img loading=\"lazy\" decoding=\"async\" class=\"alignleft size-full wp-image-6395\" src=\"http:\/\/www.schellingschule.de\/wp-content\/uploads\/2017\/03\/Andy-Warhol.png\" alt=\"\" width=\"225\" height=\"225\" srcset=\"https:\/\/www.schellingschule.de\/wp-content\/uploads\/2017\/03\/Andy-Warhol.png 225w, https:\/\/www.schellingschule.de\/wp-content\/uploads\/2017\/03\/Andy-Warhol-150x150.png 150w\" sizes=\"auto, (max-width: 225px) 100vw, 225px\" \/><\/p>\n<p style=\"text-align: left;\">Begleitend dazu fand im Kunstmuseum L\u00f6wenberg in Gengenbach eine Ausstellung statt, die in Zusammenarbeit mit dem Frieder-Burda-Museum realisiert werden konnte; zum Rahmenprogramm geh\u00f6rte hierbei auch eine \u201e<em>Coloring Party<\/em>\u201c: Andy Warhol hatte dabei seinerzeit des \u00d6fteren G\u00e4ste und Freunde zum Ausmalen seiner Bilder bei Kaffee und Kuchen eingeladen.<\/p>\n<p>In Anspielung darauf durften nun die Sch\u00fcler der Klasse 4b bei Getr\u00e4nken, Knabbereien und Musik eine Party &#8222;Andy-Style\u201c feiern! Die Vorfreude war gro\u00df und Speis und Trank waren zu Beginn des Unterrichtes mehr als ausreichend vorhanden; mit viel Begeisterung und Phantasie wurde nun eine Katze im Stil von Andy Warhol ausgemalt.<br \/>\nDas Katzenmotiv, eigens f\u00fcr die Gengenbacher Coloring-Party von dem K\u00fcnstler<em> Otmar Alt<\/em> gestaltet, durfte mit einer Sondergenehmigung auch an unserer Schule verwendet werden.<br \/>\n<img loading=\"lazy\" decoding=\"async\" class=\"alignleft size-full wp-image-6393\" src=\"http:\/\/www.schellingschule.de\/wp-content\/uploads\/2017\/03\/Warhol-004.jpg\" alt=\"\" width=\"4320\" height=\"2880\" srcset=\"https:\/\/www.schellingschule.de\/wp-content\/uploads\/2017\/03\/Warhol-004.jpg 4320w, https:\/\/www.schellingschule.de\/wp-content\/uploads\/2017\/03\/Warhol-004-300x200.jpg 300w, https:\/\/www.schellingschule.de\/wp-content\/uploads\/2017\/03\/Warhol-004-768x512.jpg 768w, https:\/\/www.schellingschule.de\/wp-content\/uploads\/2017\/03\/Warhol-004-1024x683.jpg 1024w, https:\/\/www.schellingschule.de\/wp-content\/uploads\/2017\/03\/Warhol-004-450x300.jpg 450w\" sizes=\"auto, (max-width: 4320px) 100vw, 4320px\" \/><\/p>\n<p>Im Verlauf dieser besonderen Unterrichtstunden hatten die Sch\u00fcler auch Gelegenheit, ein R\u00e4tsel zu l\u00f6sen: bei richtiger L\u00f6sung winkte ein kleiner Gewinn, zudem wurde das Wissen aufgefrischt und vertieft.<br \/>\nIn einer weiteren Unterrichtsstunde ging es um \u201eSAM\u201c, eine Katze, die Warhol dargestellt hat. Diese Katze durften die Sch\u00fcler farbenfroh, phantasievoll und in ihrer eigenen Bildsprache gestalten und in ein vorgegebenes Fenster einf\u00fcgen.<br \/>\n<img loading=\"lazy\" decoding=\"async\" class=\"wp-image-6386 size-medium alignleft\" src=\"http:\/\/www.schellingschule.de\/wp-content\/uploads\/2017\/03\/Warhol-2-300x225.jpg\" width=\"300\" height=\"225\" srcset=\"https:\/\/www.schellingschule.de\/wp-content\/uploads\/2017\/03\/Warhol-2-300x225.jpg 300w, https:\/\/www.schellingschule.de\/wp-content\/uploads\/2017\/03\/Warhol-2-400x300.jpg 400w, https:\/\/www.schellingschule.de\/wp-content\/uploads\/2017\/03\/Warhol-2.jpg 600w\" sizes=\"auto, (max-width: 300px) 100vw, 300px\" \/><\/p>\n<p><img loading=\"lazy\" decoding=\"async\" class=\"wp-image-6385 size-medium aligncenter\" src=\"http:\/\/www.schellingschule.de\/wp-content\/uploads\/2017\/03\/Warhol-1-225x300.jpg\" width=\"225\" height=\"300\" srcset=\"https:\/\/www.schellingschule.de\/wp-content\/uploads\/2017\/03\/Warhol-1-225x300.jpg 225w, https:\/\/www.schellingschule.de\/wp-content\/uploads\/2017\/03\/Warhol-1.jpg 600w\" sizes=\"auto, (max-width: 225px) 100vw, 225px\" \/>Abschlie\u00dfend l\u00e4sst sich sagen, dass alle Beteiligten viel Spa\u00df an dem Projekt hatten \u2013 vielleicht gibt es ja bald ein Wiedersehen mit Andy Warhol \u2013 who knows?<br \/>\n<img loading=\"lazy\" decoding=\"async\" class=\"alignleft size-full wp-image-6391\" src=\"http:\/\/www.schellingschule.de\/wp-content\/uploads\/2017\/03\/Warhol-001.jpg\" alt=\"\" width=\"735\" height=\"490\" srcset=\"https:\/\/www.schellingschule.de\/wp-content\/uploads\/2017\/03\/Warhol-001.jpg 735w, https:\/\/www.schellingschule.de\/wp-content\/uploads\/2017\/03\/Warhol-001-300x200.jpg 300w, https:\/\/www.schellingschule.de\/wp-content\/uploads\/2017\/03\/Warhol-001-450x300.jpg 450w\" sizes=\"auto, (max-width: 735px) 100vw, 735px\" \/><\/p>\n","protected":false},"excerpt":{"rendered":"<p>The Coloring Party Der weltgr\u00f6\u00dfte Hausadventskalender in Gengenbach\/Kinzigtal zeigte 2016 Werke des Pop-Art-K\u00fcnstlers Andy Warhol (1928 \u2013 1987) &#8211; jeden Tag wurde dabei ein neues Fenster der Rathausfassade ge\u00f6ffnet und ein anderes Bild des ber\u00fchmten K\u00fcnstlers war zu bestaunen. Begleitend &hellip; <a href=\"https:\/\/www.schellingschule.de\/?page_id=6345\">Weiterlesen <span class=\"meta-nav\">&rarr;<\/span><\/a><\/p>\n","protected":false},"author":1,"featured_media":0,"parent":0,"menu_order":0,"comment_status":"closed","ping_status":"closed","template":"","meta":{"footnotes":""},"class_list":["post-6345","page","type-page","status-publish","hentry"],"_links":{"self":[{"href":"https:\/\/www.schellingschule.de\/index.php?rest_route=\/wp\/v2\/pages\/6345","targetHints":{"allow":["GET"]}}],"collection":[{"href":"https:\/\/www.schellingschule.de\/index.php?rest_route=\/wp\/v2\/pages"}],"about":[{"href":"https:\/\/www.schellingschule.de\/index.php?rest_route=\/wp\/v2\/types\/page"}],"author":[{"embeddable":true,"href":"https:\/\/www.schellingschule.de\/index.php?rest_route=\/wp\/v2\/users\/1"}],"replies":[{"embeddable":true,"href":"https:\/\/www.schellingschule.de\/index.php?rest_route=%2Fwp%2Fv2%2Fcomments&post=6345"}],"version-history":[{"count":14,"href":"https:\/\/www.schellingschule.de\/index.php?rest_route=\/wp\/v2\/pages\/6345\/revisions"}],"predecessor-version":[{"id":6396,"href":"https:\/\/www.schellingschule.de\/index.php?rest_route=\/wp\/v2\/pages\/6345\/revisions\/6396"}],"wp:attachment":[{"href":"https:\/\/www.schellingschule.de\/index.php?rest_route=%2Fwp%2Fv2%2Fmedia&parent=6345"}],"curies":[{"name":"wp","href":"https:\/\/api.w.org\/{rel}","templated":true}]}}