{"id":6246,"date":"2016-12-14T18:16:14","date_gmt":"2016-12-14T16:16:14","guid":{"rendered":"http:\/\/www.schellingschule.de\/?page_id=6246"},"modified":"2016-12-14T18:24:01","modified_gmt":"2016-12-14T16:24:01","slug":"spiegel-des-horrors","status":"publish","type":"page","link":"https:\/\/www.schellingschule.de\/?page_id=6246","title":{"rendered":"&#8222;Spiegel des Horrors&#8220;"},"content":{"rendered":"<p style=\"text-align: center;\"><span style=\"text-decoration: underline;\">&#8222;Spiegel des Horrors&#8220; &#8211; ein Roman von unserer Jugendbegleiterin Frau Rimpp<\/span><\/p>\n<p>\u00a0<a href=\"http:\/\/www.schellingschule.de\/wp-content\/uploads\/2016\/12\/Rimpp-001.jpg\"><img loading=\"lazy\" decoding=\"async\" class=\"size-full wp-image-6250 aligncenter\" alt=\"Rimpp 001\" src=\"http:\/\/www.schellingschule.de\/wp-content\/uploads\/2016\/12\/Rimpp-001.jpg\" width=\"362\" height=\"528\" srcset=\"https:\/\/www.schellingschule.de\/wp-content\/uploads\/2016\/12\/Rimpp-001.jpg 362w, https:\/\/www.schellingschule.de\/wp-content\/uploads\/2016\/12\/Rimpp-001-205x300.jpg 205w\" sizes=\"auto, (max-width: 362px) 100vw, 362px\" \/><\/a><\/p>\n<p style=\"text-align: justify;\">Frau Rimpp, eine der Betreuerinnen unserer Schulkinder am Nachmittag, hat ihren ersten Roman mit dem spannenden Titel &#8222;Spiegel des Horrors&#8220; geschrieben, der zumindest teilweise\u00a0auch tats\u00e4chlich in Leonberg spielt.<br \/>\nHier dazu der Klappentext:<\/p>\n<p><em>Celina ist eine junge Redakteurin aus Leonberg. Ihr Freund Mike, der im selben Verlag arbeitet, hintergeht sie am laufenden Band. Anfangs verzeiht sie ihm, aber eines Tages wird es ihr zu viel und sie verl\u00e4sst ihren Freund, ihre Arbeit und ihr Zuhause und f\u00e4ngt in Norddeutschland ein neues Leben an. Ihr Ex-Freund kommt nicht dar\u00fcber hinweg, dass er verlassen wurde &#8211; er spioniert ihr nach und versucht, sie mit Psycho-Spielchen in den Wahnsinn zu treiben, um sich zu r\u00e4chen. Mit einem venezianischen Spiegel, den er in Celinas Wohnung heimlich ausgetauscht hat, kann Mike sie beobachten und seinen Terror weiter vorantreiben, bis Celina tats\u00e4chlich zusammenbricht und nur knapp einem Mordanschlag entgeht&#8230;\u00a0<\/em><\/p>\n<p>Klingt auf jeden Fall spannend!<\/p>\n","protected":false},"excerpt":{"rendered":"<p>&#8222;Spiegel des Horrors&#8220; &#8211; ein Roman von unserer Jugendbegleiterin Frau Rimpp \u00a0 Frau Rimpp, eine der Betreuerinnen unserer Schulkinder am Nachmittag, hat ihren ersten Roman mit dem spannenden Titel &#8222;Spiegel des Horrors&#8220; geschrieben, der zumindest teilweise\u00a0auch tats\u00e4chlich in Leonberg spielt. &hellip; <a href=\"https:\/\/www.schellingschule.de\/?page_id=6246\">Weiterlesen <span class=\"meta-nav\">&rarr;<\/span><\/a><\/p>\n","protected":false},"author":1,"featured_media":0,"parent":0,"menu_order":0,"comment_status":"closed","ping_status":"open","template":"","meta":{"footnotes":""},"class_list":["post-6246","page","type-page","status-publish","hentry"],"_links":{"self":[{"href":"https:\/\/www.schellingschule.de\/index.php?rest_route=\/wp\/v2\/pages\/6246","targetHints":{"allow":["GET"]}}],"collection":[{"href":"https:\/\/www.schellingschule.de\/index.php?rest_route=\/wp\/v2\/pages"}],"about":[{"href":"https:\/\/www.schellingschule.de\/index.php?rest_route=\/wp\/v2\/types\/page"}],"author":[{"embeddable":true,"href":"https:\/\/www.schellingschule.de\/index.php?rest_route=\/wp\/v2\/users\/1"}],"replies":[{"embeddable":true,"href":"https:\/\/www.schellingschule.de\/index.php?rest_route=%2Fwp%2Fv2%2Fcomments&post=6246"}],"version-history":[{"count":4,"href":"https:\/\/www.schellingschule.de\/index.php?rest_route=\/wp\/v2\/pages\/6246\/revisions"}],"predecessor-version":[{"id":6251,"href":"https:\/\/www.schellingschule.de\/index.php?rest_route=\/wp\/v2\/pages\/6246\/revisions\/6251"}],"wp:attachment":[{"href":"https:\/\/www.schellingschule.de\/index.php?rest_route=%2Fwp%2Fv2%2Fmedia&parent=6246"}],"curies":[{"name":"wp","href":"https:\/\/api.w.org\/{rel}","templated":true}]}}