{"id":6239,"date":"2016-12-14T09:26:23","date_gmt":"2016-12-14T07:26:23","guid":{"rendered":"http:\/\/www.schellingschule.de\/?page_id=6239"},"modified":"2016-12-17T09:57:21","modified_gmt":"2016-12-17T07:57:21","slug":"die-weihnachtsbaeckerei-der-zweitklaessler","status":"publish","type":"page","link":"https:\/\/www.schellingschule.de\/?page_id=6239","title":{"rendered":"Die Weihnachtsb\u00e4ckerei der Zweitkl\u00e4ssler"},"content":{"rendered":"<style><!--\n\/* Font Definitions *\/\n @font-face\n\t{font-family:\"Cambria Math\";\n\tpanose-1:2 4 5 3 5 4 6 3 2 4;\n\tmso-font-charset:0;\n\tmso-generic-font-family:roman;\n\tmso-font-pitch:variable;\n\tmso-font-signature:-536870145 1107305727 0 0 415 0;}\n@font-face\n\t{font-family:Calibri;\n\tpanose-1:2 15 5 2 2 2 4 3 2 4;\n\tmso-font-charset:0;\n\tmso-generic-font-family:swiss;\n\tmso-font-pitch:variable;\n\tmso-font-signature:-536870145 1073786111 1 0 415 0;}\n \/* Style Definitions *\/\n p.MsoNormal, li.MsoNormal, div.MsoNormal\n\t{mso-style-unhide:no;\n\tmso-style-qformat:yes;\n\tmso-style-parent:\"\";\n\tmargin-top:0cm;\n\tmargin-right:0cm;\n\tmargin-bottom:8.0pt;\n\tmargin-left:0cm;\n\tline-height:107%;\n\tmso-pagination:widow-orphan;\n\tfont-size:11.0pt;\n\tfont-family:\"Calibri\",sans-serif;\n\tmso-ascii-font-family:Calibri;\n\tmso-ascii-theme-font:minor-latin;\n\tmso-fareast-font-family:Calibri;\n\tmso-fareast-theme-font:minor-latin;\n\tmso-hansi-font-family:Calibri;\n\tmso-hansi-theme-font:minor-latin;\n\tmso-bidi-font-family:\"Times New Roman\";\n\tmso-bidi-theme-font:minor-bidi;\n\tmso-fareast-language:EN-US;}\n.MsoChpDefault\n\t{mso-style-type:export-only;\n\tmso-default-props:yes;\n\tfont-family:\"Calibri\",sans-serif;\n\tmso-ascii-font-family:Calibri;\n\tmso-ascii-theme-font:minor-latin;\n\tmso-fareast-font-family:Calibri;\n\tmso-fareast-theme-font:minor-latin;\n\tmso-hansi-font-family:Calibri;\n\tmso-hansi-theme-font:minor-latin;\n\tmso-bidi-font-family:\"Times New Roman\";\n\tmso-bidi-theme-font:minor-bidi;\n\tmso-fareast-language:EN-US;}\n.MsoPapDefault\n\t{mso-style-type:export-only;\n\tmargin-bottom:8.0pt;\n\tline-height:107%;}\n@page WordSection1\n\t{size:612.0pt 792.0pt;\n\tmargin:70.85pt 70.85pt 2.0cm 70.85pt;\n\tmso-header-margin:36.0pt;\n\tmso-footer-margin:36.0pt;\n\tmso-paper-source:0;}\ndiv.WordSection1\n\t{page:WordSection1;}\n--><\/style>\n<p class=\"MsoNormal\" style=\"text-align: center;\" align=\"center\"><b style=\"mso-bidi-font-weight: normal;\"><span style=\"text-decoration: underline;\"><span style=\"font-family: 'Arial',sans-serif;\">Weihnachtsb\u00e4ckerei<br \/>\n<a href=\"http:\/\/www.schellingschule.de\/wp-content\/uploads\/2016\/12\/Weihnacthsb\u00e4ckerei-1.jpg\"><img loading=\"lazy\" decoding=\"async\" class=\" wp-image-6235 aligncenter\" alt=\"Weihnacthsb\u00e4ckerei 1\" src=\"http:\/\/www.schellingschule.de\/wp-content\/uploads\/2016\/12\/Weihnacthsb\u00e4ckerei-1.jpg\" width=\"441\" height=\"331\" srcset=\"https:\/\/www.schellingschule.de\/wp-content\/uploads\/2016\/12\/Weihnacthsb\u00e4ckerei-1.jpg 1000w, https:\/\/www.schellingschule.de\/wp-content\/uploads\/2016\/12\/Weihnacthsb\u00e4ckerei-1-300x225.jpg 300w, https:\/\/www.schellingschule.de\/wp-content\/uploads\/2016\/12\/Weihnacthsb\u00e4ckerei-1-400x300.jpg 400w\" sizes=\"auto, (max-width: 441px) 100vw, 441px\" \/><\/a><\/span><\/span><\/b><\/p>\n<p style=\"text-align: justify;\"><span style=\"font-family: 'Arial',sans-serif;\">Kurz vor den Feiertagen sind die L\u00e4den festlich geschm\u00fcckt, die Weihnachtsm\u00e4rkte gut besucht und auch die H\u00e4user in feierliches Kerzenlicht getaucht. Doch auch in der Schellingschule weihnachtet es seit den letzten Wochen mehr und mehr:<a href=\"http:\/\/www.schellingschule.de\/wp-content\/uploads\/2016\/12\/DSCF4245.jpg\"><img loading=\"lazy\" decoding=\"async\" class=\"alignleft size-full wp-image-6269\" alt=\"DSCF4245\" src=\"http:\/\/www.schellingschule.de\/wp-content\/uploads\/2016\/12\/DSCF4245.jpg\" width=\"320\" height=\"240\" srcset=\"https:\/\/www.schellingschule.de\/wp-content\/uploads\/2016\/12\/DSCF4245.jpg 320w, https:\/\/www.schellingschule.de\/wp-content\/uploads\/2016\/12\/DSCF4245-300x225.jpg 300w\" sizes=\"auto, (max-width: 320px) 100vw, 320px\" \/><\/a><br \/>\n<\/span><\/p>\n<p><span style=\"font-family: 'Arial',sans-serif;\">Gemeinsam mit der Unterst\u00fctzung der Klassen 9 der Werkrealschule durften die Klassen 1 und Klassen 2 Pl\u00e4tzchen backen. Daf\u00fcr wurde ihnen der Teig von den gro\u00dfen Sch\u00fclern vorbereitet, sodass die Kinder das Auswellen, Ausstechen und Dekorieren der Pl\u00e4tzchen \u00fcbernehmen konnten. In kleinen Gruppen mit jeweils einem Neuntkl\u00e4ssler als Helfer entstand so eine gro\u00dfe Auswahl an buntem und leckerem Geb\u00e4ck. <a href=\"http:\/\/www.schellingschule.de\/wp-content\/uploads\/2016\/12\/Weihnacthsb\u00e4ckerei-3.jpg\"><img loading=\"lazy\" decoding=\"async\" class=\"wp-image-6237 alignright\" alt=\"Weihnacthsb\u00e4ckerei 3\" src=\"http:\/\/www.schellingschule.de\/wp-content\/uploads\/2016\/12\/Weihnacthsb\u00e4ckerei-3.jpg\" width=\"258\" height=\"343\" srcset=\"https:\/\/www.schellingschule.de\/wp-content\/uploads\/2016\/12\/Weihnacthsb\u00e4ckerei-3.jpg 750w, https:\/\/www.schellingschule.de\/wp-content\/uploads\/2016\/12\/Weihnacthsb\u00e4ckerei-3-225x300.jpg 225w\" sizes=\"auto, (max-width: 258px) 100vw, 258px\" \/><\/a> <\/span><\/p>\n<p><span style=\"font-family: 'Arial',sans-serif;\">Nat\u00fcrlich konnte kaum ein Kind abwarten, die eigenen Pl\u00e4tzchen zu kosten, als es dann schnell in der K\u00fcche k\u00f6stlich nach frischen Pl\u00e4tzchen roch. Doch lange mussten wir nicht darauf warten &#8211; gegen Ende des Schultages wurde jeder f\u00fcr seine tatkr\u00e4ftige Arbeit belohnt!<\/span><\/p>\n<p class=\"MsoNormal\" style=\"text-align: justify;\"><span style=\"font-family: 'Arial',sans-serif;\">Wir danken der Mithilfe der gro\u00dfen Sch\u00fcler, ohne deren Hilfe das Pl\u00e4tzchenbacken sicherlich nicht so reibungslos abgelaufen w\u00e4re. Es hat viel Spa\u00df gemacht!<\/span><\/p>\n<p><a href=\"http:\/\/www.schellingschule.de\/wp-content\/uploads\/2016\/12\/DSCF4279.jpg\"><img loading=\"lazy\" decoding=\"async\" class=\"alignleft size-full wp-image-6270\" alt=\"DSCF4279\" src=\"http:\/\/www.schellingschule.de\/wp-content\/uploads\/2016\/12\/DSCF4279.jpg\" width=\"240\" height=\"320\" srcset=\"https:\/\/www.schellingschule.de\/wp-content\/uploads\/2016\/12\/DSCF4279.jpg 240w, https:\/\/www.schellingschule.de\/wp-content\/uploads\/2016\/12\/DSCF4279-225x300.jpg 225w\" sizes=\"auto, (max-width: 240px) 100vw, 240px\" \/><\/a><\/p>\n","protected":false},"excerpt":{"rendered":"<p>Weihnachtsb\u00e4ckerei Kurz vor den Feiertagen sind die L\u00e4den festlich geschm\u00fcckt, die Weihnachtsm\u00e4rkte gut besucht und auch die H\u00e4user in feierliches Kerzenlicht getaucht. Doch auch in der Schellingschule weihnachtet es seit den letzten Wochen mehr und mehr: Gemeinsam mit der Unterst\u00fctzung &hellip; <a href=\"https:\/\/www.schellingschule.de\/?page_id=6239\">Weiterlesen <span class=\"meta-nav\">&rarr;<\/span><\/a><\/p>\n","protected":false},"author":1,"featured_media":0,"parent":0,"menu_order":0,"comment_status":"closed","ping_status":"open","template":"","meta":{"footnotes":""},"class_list":["post-6239","page","type-page","status-publish","hentry"],"_links":{"self":[{"href":"https:\/\/www.schellingschule.de\/index.php?rest_route=\/wp\/v2\/pages\/6239","targetHints":{"allow":["GET"]}}],"collection":[{"href":"https:\/\/www.schellingschule.de\/index.php?rest_route=\/wp\/v2\/pages"}],"about":[{"href":"https:\/\/www.schellingschule.de\/index.php?rest_route=\/wp\/v2\/types\/page"}],"author":[{"embeddable":true,"href":"https:\/\/www.schellingschule.de\/index.php?rest_route=\/wp\/v2\/users\/1"}],"replies":[{"embeddable":true,"href":"https:\/\/www.schellingschule.de\/index.php?rest_route=%2Fwp%2Fv2%2Fcomments&post=6239"}],"version-history":[{"count":6,"href":"https:\/\/www.schellingschule.de\/index.php?rest_route=\/wp\/v2\/pages\/6239\/revisions"}],"predecessor-version":[{"id":6271,"href":"https:\/\/www.schellingschule.de\/index.php?rest_route=\/wp\/v2\/pages\/6239\/revisions\/6271"}],"wp:attachment":[{"href":"https:\/\/www.schellingschule.de\/index.php?rest_route=%2Fwp%2Fv2%2Fmedia&parent=6239"}],"curies":[{"name":"wp","href":"https:\/\/api.w.org\/{rel}","templated":true}]}}