{"id":60,"date":"2012-12-03T17:45:12","date_gmt":"2012-12-03T15:45:12","guid":{"rendered":"http:\/\/www.textwerkstatt.de\/wp\/?page_id=60"},"modified":"2025-09-20T15:52:07","modified_gmt":"2025-09-20T13:52:07","slug":"schulsozialarbeit","status":"publish","type":"page","link":"https:\/\/www.schellingschule.de\/?page_id=60","title":{"rendered":"Schulsozialarbeit"},"content":{"rendered":"<p style=\"text-align: justify;\"><strong> Jugendsozialarbeit an der Schellingschule<\/strong><\/p>\n<p><strong>Schulsozialarbeit als Angebot der Jugendhilfe vor Ort<\/strong><\/p>\n<p>Bei Schulsozialarbeit handelt es sich um ein <strong>Angebot der Jugendhilfe vor Ort<\/strong> in Form einer vereinbarten, dauerhaften und gleichberechtigten Kooperation mit der Schule. Sie richtet sich an alle Sch\u00fclerinnen und Sch\u00fcler der Klassen 1 bis 4, deren Eltern und Erziehungsbeauftragte sowie das Lehrerkollegium.<\/p>\n<p>Ziel ist, als <strong>Ansprech- und Vertrauensperson<\/strong> wahrgenommen zu werden und so Sch\u00fclerinnen und Sch\u00fcler auf ihrem Weg des Erwachsenwerdens zu begleiten sowie in schulischen und pers\u00f6nlichen Belangen zu unterst\u00fctzen.\u00a0<\/p>\n<p><strong>Schulsozialarbeit an der Schellingschule<\/strong><\/p>\n<p>Schulsozialarbeit an der Schellingschule ist Teil der <strong>Jugendsozialarbeit Kernstadt Leonberg<\/strong>, die neben der Schulsozialarbeit au\u00dferdem Mobile Jugendarbeit in der Kernstadt sowie Offene Jugendarbeit im Jugendcaf\u00e9 Siesta umfasst. Tr\u00e4ger ist die <strong>Waldhaus gGmbH<\/strong>.<\/p>\n<p>Die Schulsozialarbeit an der Schellingschule wird von <strong>Lisa Weber<\/strong> (B.A. Sozialp\u00e4dagogin) mit einem Stellenumfang von 50 % umgesetzt.<\/p>\n<p><strong>Angebote der Jugendsozialarbeit an der Schellingschule:<\/strong><\/p>\n<ul>\n<li>Beratung und Einzelfallhilfe<\/li>\n<li>Projektbezogene Gruppenarbeit und Arbeit mit Klassen<\/li>\n<li>Offene Freizeitangebote<\/li>\n<li>Inner- und au\u00dferschulische Vernetzung<\/li>\n<\/ul>\n<p><strong>Grundlegende Arbeitsprinzipien:<\/strong><\/p>\n<ul>\n<li>Freiwilligkeit<\/li>\n<li>Vertraulichkeit \/ Verschwiegenheit<\/li>\n<li>Beteiligung<\/li>\n<li>Niedrigschwelligkeit<\/li>\n<li>Aufsuchender Charakter<\/li>\n<li>Wertsch\u00e4tzung und akzeptierende Grundhaltung<\/li>\n<\/ul>\n<p style=\"text-align: justify;\"><strong>Gesetzliche Grundlage:<\/strong><\/p>\n<p style=\"text-align: justify;\">Als eine Leistung der Jugendhilfe basiert Schulsozialarbeit auf der \u00a7\u00a7 11, 13 Abs. 1 sowie 81 Abs. 1 SGB VIII in Verbindung mit \u00a71 Abs. 3<\/p>\n<p style=\"text-align: justify;\"><strong>Ansprechpartner vor Ort:<\/strong><\/p>\n<p style=\"text-align: justify;\"><strong>Waldhaus GmbH<\/strong><br \/><br class=\"clear\" \/>Jugendsozialarbeit Schellingschule<\/p>\n<p style=\"text-align: justify;\"><br class=\"clear\" \/><b>Lisa Weber<\/b><br \/><br class=\"clear\" \/>E-Mail: weber@waldhaus-jugendhilfe.de<\/p>\n<p>Mobil: 01759337638<\/p>\n\n\n<figure class=\"wp-block-image size-large is-resized\"><a href=\"https:\/\/www.schellingschule.de\/wp-content\/uploads\/2025\/08\/LisaWeberSchulsozialarbeit-scaled.jpeg\"><img loading=\"lazy\" decoding=\"async\" width=\"1024\" height=\"1024\" src=\"https:\/\/www.schellingschule.de\/wp-content\/uploads\/2025\/08\/LisaWeberSchulsozialarbeit-1024x1024.jpeg\" alt=\"\" class=\"wp-image-10588\" style=\"width:308px;height:auto\" srcset=\"https:\/\/www.schellingschule.de\/wp-content\/uploads\/2025\/08\/LisaWeberSchulsozialarbeit-1024x1024.jpeg 1024w, https:\/\/www.schellingschule.de\/wp-content\/uploads\/2025\/08\/LisaWeberSchulsozialarbeit-300x300.jpeg 300w, https:\/\/www.schellingschule.de\/wp-content\/uploads\/2025\/08\/LisaWeberSchulsozialarbeit-150x150.jpeg 150w, https:\/\/www.schellingschule.de\/wp-content\/uploads\/2025\/08\/LisaWeberSchulsozialarbeit-768x768.jpeg 768w, https:\/\/www.schellingschule.de\/wp-content\/uploads\/2025\/08\/LisaWeberSchulsozialarbeit-1536x1536.jpeg 1536w, https:\/\/www.schellingschule.de\/wp-content\/uploads\/2025\/08\/LisaWeberSchulsozialarbeit-2048x2048.jpeg 2048w\" sizes=\"auto, (max-width: 1024px) 100vw, 1024px\" \/><\/a><\/figure>\n\n\n\n<p class=\"has-text-align-right\"><\/p>\n\n\n\n<p><\/p>\n\n\n\n<p><\/p>\n\n\n\n<p><strong>Kristina Maurer <\/strong><\/p>\n\n\n\n<p>(in Elternzeit)<\/p>\n\n\n<div class=\"wp-block-image is-style-default\">\n<figure class=\"alignleft size-large is-resized\"><img loading=\"lazy\" decoding=\"async\" width=\"414\" height=\"524\" src=\"https:\/\/www.schellingschule.de\/wp-content\/uploads\/2020\/11\/Kristina-Maurer.jpg\" alt=\"\" class=\"wp-image-8550\" style=\"aspect-ratio:0.7913043478260869;width:277px;height:auto\" srcset=\"https:\/\/www.schellingschule.de\/wp-content\/uploads\/2020\/11\/Kristina-Maurer.jpg 414w, https:\/\/www.schellingschule.de\/wp-content\/uploads\/2020\/11\/Kristina-Maurer-237x300.jpg 237w\" sizes=\"auto, (max-width: 414px) 100vw, 414px\" \/><\/figure><\/div>\n\n\n<p class=\"has-text-align-right\"><\/p>\n\n\n\n<p class=\"has-text-align-right\">)<\/p>\n","protected":false},"excerpt":{"rendered":"<p>Jugendsozialarbeit an der Schellingschule Schulsozialarbeit als Angebot der Jugendhilfe vor Ort Bei Schulsozialarbeit handelt es sich um ein Angebot der Jugendhilfe vor Ort in Form einer vereinbarten, dauerhaften und gleichberechtigten Kooperation mit der Schule. Sie richtet sich an alle Sch\u00fclerinnen &hellip; <a href=\"https:\/\/www.schellingschule.de\/?page_id=60\">Weiterlesen <span class=\"meta-nav\">&rarr;<\/span><\/a><\/p>\n","protected":false},"author":1,"featured_media":0,"parent":0,"menu_order":0,"comment_status":"closed","ping_status":"open","template":"sidebar-page.php","meta":{"footnotes":""},"class_list":["post-60","page","type-page","status-publish","hentry"],"_links":{"self":[{"href":"https:\/\/www.schellingschule.de\/index.php?rest_route=\/wp\/v2\/pages\/60","targetHints":{"allow":["GET"]}}],"collection":[{"href":"https:\/\/www.schellingschule.de\/index.php?rest_route=\/wp\/v2\/pages"}],"about":[{"href":"https:\/\/www.schellingschule.de\/index.php?rest_route=\/wp\/v2\/types\/page"}],"author":[{"embeddable":true,"href":"https:\/\/www.schellingschule.de\/index.php?rest_route=\/wp\/v2\/users\/1"}],"replies":[{"embeddable":true,"href":"https:\/\/www.schellingschule.de\/index.php?rest_route=%2Fwp%2Fv2%2Fcomments&post=60"}],"version-history":[{"count":62,"href":"https:\/\/www.schellingschule.de\/index.php?rest_route=\/wp\/v2\/pages\/60\/revisions"}],"predecessor-version":[{"id":10703,"href":"https:\/\/www.schellingschule.de\/index.php?rest_route=\/wp\/v2\/pages\/60\/revisions\/10703"}],"wp:attachment":[{"href":"https:\/\/www.schellingschule.de\/index.php?rest_route=%2Fwp%2Fv2%2Fmedia&parent=60"}],"curies":[{"name":"wp","href":"https:\/\/api.w.org\/{rel}","templated":true}]}}