{"id":5793,"date":"2016-05-13T06:55:26","date_gmt":"2016-05-13T04:55:26","guid":{"rendered":"http:\/\/www.schellingschule.de\/?page_id=5793"},"modified":"2016-06-03T12:52:28","modified_gmt":"2016-06-03T10:52:28","slug":"5793-2","status":"publish","type":"page","link":"https:\/\/www.schellingschule.de\/?page_id=5793","title":{"rendered":"Die IT-Ausstattung an der Schellingschule"},"content":{"rendered":"<style><!--\n\/* Font Definitions *\/\n @font-face\n\t{font-family:\"Cambria Math\";\n\tpanose-1:2 4 5 3 5 4 6 3 2 4;\n\tmso-font-charset:1;\n\tmso-generic-font-family:roman;\n\tmso-font-format:other;\n\tmso-font-pitch:variable;\n\tmso-font-signature:0 0 0 0 0 0;}\n@font-face\n\t{font-family:Calibri;\n\tpanose-1:2 15 5 2 2 2 4 3 2 4;\n\tmso-font-charset:0;\n\tmso-generic-font-family:swiss;\n\tmso-font-pitch:variable;\n\tmso-font-signature:-536870145 1073786111 1 0 415 0;}\n \/* Style Definitions *\/\n p.MsoNormal, li.MsoNormal, div.MsoNormal\n\t{mso-style-unhide:no;\n\tmso-style-qformat:yes;\n\tmso-style-parent:\"\";\n\tmargin-top:0cm;\n\tmargin-right:0cm;\n\tmargin-bottom:8.0pt;\n\tmargin-left:0cm;\n\tline-height:107%;\n\tmso-pagination:widow-orphan;\n\tfont-size:11.0pt;\n\tfont-family:\"Calibri\",sans-serif;\n\tmso-ascii-font-family:Calibri;\n\tmso-ascii-theme-font:minor-latin;\n\tmso-fareast-font-family:Calibri;\n\tmso-fareast-theme-font:minor-latin;\n\tmso-hansi-font-family:Calibri;\n\tmso-hansi-theme-font:minor-latin;\n\tmso-bidi-font-family:\"Times New Roman\";\n\tmso-bidi-theme-font:minor-bidi;\n\tmso-fareast-language:EN-US;}\n.MsoChpDefault\n\t{mso-style-type:export-only;\n\tmso-default-props:yes;\n\tfont-family:\"Calibri\",sans-serif;\n\tmso-ascii-font-family:Calibri;\n\tmso-ascii-theme-font:minor-latin;\n\tmso-fareast-font-family:Calibri;\n\tmso-fareast-theme-font:minor-latin;\n\tmso-hansi-font-family:Calibri;\n\tmso-hansi-theme-font:minor-latin;\n\tmso-bidi-font-family:\"Times New Roman\";\n\tmso-bidi-theme-font:minor-bidi;\n\tmso-fareast-language:EN-US;}\n.MsoPapDefault\n\t{mso-style-type:export-only;\n\tmargin-bottom:8.0pt;\n\tline-height:107%;}\n@page WordSection1\n\t{size:612.0pt 792.0pt;\n\tmargin:70.85pt 70.85pt 2.0cm 70.85pt;\n\tmso-header-margin:36.0pt;\n\tmso-footer-margin:36.0pt;\n\tmso-paper-source:0;}\ndiv.WordSection1\n\t{page:WordSection1;}\n--><\/style>\n<p class=\"MsoNormal\" style=\"text-align: center;\" align=\"center\"><b style=\"mso-bidi-font-weight: normal;\"><span style=\"font-size: 16.0pt; line-height: 107%; font-family: 'Arial',sans-serif;\">Die IT-Ausstattung an der Schellingschule<br \/>\n<a href=\"http:\/\/www.schellingschule.de\/wp-content\/uploads\/2016\/05\/PC-Raum_uv.jpg\"><img loading=\"lazy\" decoding=\"async\" class=\"alignleft size-full wp-image-5804\" alt=\"PC-Raum_uv\" src=\"http:\/\/www.schellingschule.de\/wp-content\/uploads\/2016\/05\/PC-Raum_uv.jpg\" width=\"648\" height=\"486\" srcset=\"https:\/\/www.schellingschule.de\/wp-content\/uploads\/2016\/05\/PC-Raum_uv.jpg 648w, https:\/\/www.schellingschule.de\/wp-content\/uploads\/2016\/05\/PC-Raum_uv-300x225.jpg 300w, https:\/\/www.schellingschule.de\/wp-content\/uploads\/2016\/05\/PC-Raum_uv-400x300.jpg 400w\" sizes=\"auto, (max-width: 648px) 100vw, 648px\" \/><\/a><br \/>\n<\/span><\/b><\/p>\n<p class=\"MsoNormal\" style=\"text-align: justify;\"><span style=\"font-size: 12.0pt; line-height: 107%; font-family: 'Arial',sans-serif;\">Seit April 2015 verf\u00fcgt die Schellingschule \u00fcber einen neuen Server f\u00fcr das schul-interne Netzwerk. In diesem Zusammenhang wurden die 19 Arbeits-PCs (Clients) im PC-Raum und im Lehrerarbeitszimmer hinsichtlich ihrer Hardware komplett erneuert. Die Ausstattung dieser Rechner umfasst neben den \u00fcblichen Ger\u00e4tekomponenten wie Maus, Tastatur und LCD-Bildschirm jetzt moderne Tower-PCs mit 4GB RAM, <span style=\"mso-bidi-font-weight: bold;\">64-Bit-<\/span>Prozessoren und 500GB-Festplatte, die den gestiegenen Anforderungen an die Rechnertechnologie einer Schule gewachsen sind. <\/span><a href=\"http:\/\/www.schellingschule.de\/wp-content\/uploads\/2016\/05\/Medienwagen-02_uv.jpg\"><img loading=\"lazy\" decoding=\"async\" class=\"alignright\" alt=\"Medienwagen 02_uv\" src=\"http:\/\/www.schellingschule.de\/wp-content\/uploads\/2016\/05\/Medienwagen-02_uv.jpg\" width=\"292\" height=\"389\" \/><\/a><\/p>\n<p class=\"MsoNormal\" style=\"text-align: justify;\"><span style=\"font-size: 12.0pt; line-height: 107%; font-family: 'Arial',sans-serif;\">F\u00fcr die beiden Fachr\u00e4ume Technik und Naturwissenschaften wurden zudem sogenannte <i style=\"mso-bidi-font-style: normal;\">Medienwagen<\/i> mit Internetanschluss eingerichtet, die Beamer-Projektor, Pr\u00e4sentations-Notebook und Lautsprecher umfassen, so dass an diesen Unterrichtsorten jetzt direkt auf das Medienangebot des www zugegriffen oder Filme gezeigt werden k\u00f6nnen.<br \/>\n<\/span><span style=\"font-size: 12.0pt; line-height: 107%; font-family: 'Arial',sans-serif;\">F\u00fcr jene <\/span><span style=\"font-size: 12.0pt; line-height: 107%; font-family: 'Arial',sans-serif;\">Lerneinheiten, die in ihrer unterrichtlichen Vermittlung auf digitale Medien ausgerichtet sind und aufgrund der Kapazit\u00e4ten nicht im PC-Raum gehalten werden k\u00f6nnen, stehen zus\u00e4tzlich zehn mobile Notebooks zur Verf\u00fcgung. Bei Bedarf werden diese Rechner in fahrbaren Transportboxen zum jeweiligen Unterrichtsraum verbracht, wo sie dann &#8211; \u00fcber einen Access-Point mit dem Schulnetzwerk verbunden &#8211; wie die Clients im PC-Raum genutzt werden.<br \/>\n<a href=\"http:\/\/www.schellingschule.de\/wp-content\/uploads\/2016\/05\/Klassen-Notebooks_uv.jpg\"><img loading=\"lazy\" decoding=\"async\" class=\"alignleft\" alt=\"Klassen-Notebooks_uv\" src=\"http:\/\/www.schellingschule.de\/wp-content\/uploads\/2016\/05\/Klassen-Notebooks_uv.jpg\" width=\"291\" height=\"218\" \/><\/a><\/span><span style=\"font-size: 12.0pt; line-height: 107%; font-family: 'Arial',sans-serif;\"><br \/>\nDerzeit werden diese Notebooks vor allem zum Spracherwerb unserer Vorbereitungsklasse der Sekundarstufe im Rahmen des Deutschunterrichts genutzt. <\/span><span style=\"font-size: 12.0pt; line-height: 107%; font-family: 'Arial',sans-serif;\">F\u00fcr Pr\u00e4sentationszwecke und sonstige Belange, die einen Rechner notwendig machen, wird au\u00dferdem noch ein netzwerkunabh\u00e4ngiges Notebook mit mobilem Beamer und Lautsprechern bereitgehalten.<\/span><\/p>\n<p class=\"MsoNormal\" style=\"text-align: justify;\"><a href=\"http:\/\/www.schellingschule.de\/wp-content\/uploads\/2016\/05\/Lehrer-PC_uv.jpg\"><img loading=\"lazy\" decoding=\"async\" alt=\"Lehrer-PC_uv\" src=\"http:\/\/www.schellingschule.de\/wp-content\/uploads\/2016\/05\/Lehrer-PC_uv.jpg\" width=\"583\" height=\"437\" \/><\/a><\/p>\n<p class=\"MsoNormal\" style=\"text-align: justify;\"><span style=\"font-size: 12.0pt; line-height: 107%; font-family: 'Arial',sans-serif;\">Als Software-Komplettl\u00f6sung f\u00fcr Schultr\u00e4ger und Schulen l\u00e4uft in unserem Haus der logoDIDACT-Linux Schulserver. Die Sch\u00fcler arbeiten an den Rechnern unter dem erprobten Betriebssystem Windows 7. F\u00fcr den Schulalltag wurden Software-Standards wie der Browser Firefox oder der VLC-Mediaplayer installiert. Neben der B\u00fcro-Software MS Office 2013 und Open Office 4.1.1 wird den Sch\u00fclern zudem ein ganzes Programm-Paket bestehend aus verschiedenen Lern- und Arbeitsprogrammen angeboten. Hierzu z\u00e4hlen unter anderem Bildbearbeitung und Gestaltungssoftware, CAD, Audiobearbeitung oder auch ein Brennprogramm. Zudem bietet das Netzwerk das digitale Lexikon Encarta, das den Sch\u00fclern bei der Recherche und in der Wissensvermittlung h\u00e4ufig besser gerecht wird, als einschl\u00e4gige Internet-Seiten.<\/span><\/p>\n<p class=\"MsoNormal\" style=\"text-align: justify;\"><a href=\"http:\/\/www.schellingschule.de\/wp-content\/uploads\/2016\/05\/Sch\u00fclerarbeitspl\u00e4tze_uv.jpg\"><img loading=\"lazy\" decoding=\"async\" class=\"alignleft size-full wp-image-5805\" alt=\"Sch\u00fclerarbeitspl\u00e4tze_uv\" src=\"http:\/\/www.schellingschule.de\/wp-content\/uploads\/2016\/05\/Sch\u00fclerarbeitspl\u00e4tze_uv.jpg\" width=\"648\" height=\"486\" srcset=\"https:\/\/www.schellingschule.de\/wp-content\/uploads\/2016\/05\/Sch\u00fclerarbeitspl\u00e4tze_uv.jpg 648w, https:\/\/www.schellingschule.de\/wp-content\/uploads\/2016\/05\/Sch\u00fclerarbeitspl\u00e4tze_uv-300x225.jpg 300w, https:\/\/www.schellingschule.de\/wp-content\/uploads\/2016\/05\/Sch\u00fclerarbeitspl\u00e4tze_uv-400x300.jpg 400w\" sizes=\"auto, (max-width: 648px) 100vw, 648px\" \/><\/a><\/p>\n<p>&nbsp;<\/p>\n<p class=\"MsoNormal\" style=\"text-align: justify;\"><span style=\"font-family: 'Arial',sans-serif;\">\u00a0<\/span><\/p>\n<p>&nbsp;<\/p>\n","protected":false},"excerpt":{"rendered":"<p>Die IT-Ausstattung an der Schellingschule Seit April 2015 verf\u00fcgt die Schellingschule \u00fcber einen neuen Server f\u00fcr das schul-interne Netzwerk. In diesem Zusammenhang wurden die 19 Arbeits-PCs (Clients) im PC-Raum und im Lehrerarbeitszimmer hinsichtlich ihrer Hardware komplett erneuert. Die Ausstattung dieser &hellip; <a href=\"https:\/\/www.schellingschule.de\/?page_id=5793\">Weiterlesen <span class=\"meta-nav\">&rarr;<\/span><\/a><\/p>\n","protected":false},"author":1,"featured_media":0,"parent":0,"menu_order":0,"comment_status":"closed","ping_status":"open","template":"","meta":{"footnotes":""},"class_list":["post-5793","page","type-page","status-publish","hentry"],"_links":{"self":[{"href":"https:\/\/www.schellingschule.de\/index.php?rest_route=\/wp\/v2\/pages\/5793","targetHints":{"allow":["GET"]}}],"collection":[{"href":"https:\/\/www.schellingschule.de\/index.php?rest_route=\/wp\/v2\/pages"}],"about":[{"href":"https:\/\/www.schellingschule.de\/index.php?rest_route=\/wp\/v2\/types\/page"}],"author":[{"embeddable":true,"href":"https:\/\/www.schellingschule.de\/index.php?rest_route=\/wp\/v2\/users\/1"}],"replies":[{"embeddable":true,"href":"https:\/\/www.schellingschule.de\/index.php?rest_route=%2Fwp%2Fv2%2Fcomments&post=5793"}],"version-history":[{"count":10,"href":"https:\/\/www.schellingschule.de\/index.php?rest_route=\/wp\/v2\/pages\/5793\/revisions"}],"predecessor-version":[{"id":5881,"href":"https:\/\/www.schellingschule.de\/index.php?rest_route=\/wp\/v2\/pages\/5793\/revisions\/5881"}],"wp:attachment":[{"href":"https:\/\/www.schellingschule.de\/index.php?rest_route=%2Fwp%2Fv2%2Fmedia&parent=5793"}],"curies":[{"name":"wp","href":"https:\/\/api.w.org\/{rel}","templated":true}]}}