{"id":4807,"date":"2014-11-13T19:43:12","date_gmt":"2014-11-13T17:43:12","guid":{"rendered":"http:\/\/www.schellingschule.de\/?page_id=4807"},"modified":"2014-11-14T08:51:30","modified_gmt":"2014-11-14T06:51:30","slug":"our-hearts-will-skip-on","status":"publish","type":"page","link":"https:\/\/www.schellingschule.de\/?page_id=4807","title":{"rendered":"Our Hearts Will Skip On"},"content":{"rendered":"<p>&nbsp;<\/p>\n<p style=\"margin: 0cm 0cm 0pt; text-align: center;\" align=\"center\"><b style=\"mso-bidi-font-weight: normal;\"><span style=\"font-family: 'Arial','sans-serif'; font-size: 11pt;\"><strong><span style=\"color: #000000;\">Unsere Herzen h\u00fcpfen wieder<\/span><\/strong><\/span><\/b><\/p>\n<p style=\"margin: 0cm 0cm 0pt; text-align: justify; -ms-text-justify: inter-ideograph;\"><span style=\"font-family: 'Arial','sans-serif'; font-size: 11pt;\"><span style=\"color: #000000;\">\u00a0<\/span><\/span><span style=\"font-family: 'Arial','sans-serif'; font-size: 11pt;\"><span style=\"color: #000000;\">Bereits zum dritten Mal durfte die Schellingschule die Deutsche Herzstiftung mit ihrem Workshop <i style=\"mso-bidi-font-style: normal;\"><span style=\"font-family: Arial; font-size: medium;\">Skipping Hearts<\/span><\/i><\/span><span style=\"color: #000000;\"> begr\u00fc\u00dfen.<br \/>\n<\/span><\/span><\/p>\n<p style=\"margin: 0cm 0cm 0pt; text-align: justify; -ms-text-justify: inter-ideograph;\"><span style=\"font-family: 'Arial','sans-serif'; font-size: 11pt;\"><span style=\"color: #000000;\">Dass Sich Bewegen Spa\u00df und gute Laune bringt, haben am 12. November die Viertkl\u00e4ssler unserer Schule bei einem ausgefallenen Workshop erfahren d\u00fcrfen &#8211; Seilspringen mit allen Kniffs und Tricks war angesagt!<br \/>\n<\/span><\/span><\/p>\n<p style=\"margin: 0cm 0cm 0pt; text-align: justify; -ms-text-justify: inter-ideograph;\"><span style=\"font-family: 'Arial','sans-serif'; font-size: 11pt;\"><span style=\"color: #000000;\">Innerhalb von 90 Minuten zeigte Frau Ruths von der Deutschen Herzstiftung den Kindern den richtigen Umgang mit dem Seil und unterschiedliche Spr\u00fcnge, wie beispielsweise den <i style=\"mso-bidi-font-style: normal;\"><span style=\"font-family: Arial; font-size: medium;\">Criss Cross.<\/span><\/i><\/span><\/span><\/p>\n<p style=\"margin: 0cm 0cm 0pt;\"><span style=\"font-family: 'Arial','sans-serif'; font-size: 11pt;\"><span style=\"color: #000000;\">Schnell hatten die Viertkl\u00e4ssler Bewegungsmuster diverser elementarer Spr\u00fcnge einge\u00fcbt und trainierten eifrig, Arme zu \u00fcberkreuzen oder auch halbe Drehungen. Bei den Partnerspr\u00fcngen oder beim H\u00fcpfen durch ein gro\u00dfes Seil hingegen waren Teamwork gefragt.<\/span><span style=\"color: #000000;\"><br \/>\n<a href=\"http:\/\/www.schellingschule.de\/wp-content\/uploads\/2014\/11\/PB121639.jpg\"><img loading=\"lazy\" decoding=\"async\" class=\"size-full wp-image-4813 aligncenter\" alt=\"OLYMPUS DIGITAL CAMERA\" src=\"http:\/\/www.schellingschule.de\/wp-content\/uploads\/2014\/11\/PB121639.jpg\" width=\"456\" height=\"342\" srcset=\"https:\/\/www.schellingschule.de\/wp-content\/uploads\/2014\/11\/PB121639.jpg 456w, https:\/\/www.schellingschule.de\/wp-content\/uploads\/2014\/11\/PB121639-300x225.jpg 300w, https:\/\/www.schellingschule.de\/wp-content\/uploads\/2014\/11\/PB121639-400x300.jpg 400w\" sizes=\"auto, (max-width: 456px) 100vw, 456px\" \/><\/a><br \/>\n<\/span><\/span><\/p>\n<p style=\"margin: 0cm 0cm 0pt; text-align: justify; -ms-text-justify: inter-ideograph;\"><span style=\"font-family: 'Arial','sans-serif'; font-size: 11pt;\"><span style=\"color: #000000;\">Bei einer kleinen Abschlussveranstaltung konnten sich dann die Eingangsstufe der Schellingschule sowie deren Eltern vom K\u00f6nnen der Viertkl\u00e4ssler \u00fcberzeugen. Im Anschluss daran hatten die Zuschauer selbst die M\u00f6glichkeit, neue Erfahrungen mit dem Seil zu sammeln.<\/span><\/span><span style=\"font-family: 'Arial','sans-serif'; font-size: 11pt;\"><span style=\"color: #000000;\">\u00a0<\/span><\/span><\/p>\n<p style=\"margin: 0cm 0cm 0pt; text-align: justify; -ms-text-justify: inter-ideograph;\"><span style=\"font-family: 'Arial','sans-serif'; font-size: 11pt;\"><span style=\"color: #000000;\">Neben Schnelligkeit, Ausdauer und Kraft werden beim Seilspringen auch Koordination, Rhythmusgef\u00fchl und Beweglichkeit geschult und verbessert. Nach nur zwei Schulstunden hatten alle Kinder die Grundtechnik erlernt und zudem einige Tricks einge\u00fcbt; vor allem aber hatten sie gelernt, dass Bewegung Freude bringt und Seilspringen so richtig gute Laune machen kann!<\/span><\/span><span style=\"font-family: 'Arial','sans-serif'; font-size: 11pt;\"><span style=\"color: #000000;\"><br \/>\n<\/span><\/span><\/p>\n<p style=\"margin: 0cm 0cm 0pt; text-align: justify; -ms-text-justify: inter-ideograph;\"><span style=\"font-family: 'Arial','sans-serif'; font-size: 11pt;\"><span style=\"color: #000000;\">Unser Dank geht an dieser Stelle wieder an die Deutsche Herzstiftung und speziell an Frau Ruths, die nun schon zum dritten Mal die <i style=\"mso-bidi-font-style: normal;\"><span style=\"font-family: Arial; font-size: medium;\">Skipping Hearts<\/span><\/i><\/span><span style=\"color: #000000;\"> an unserer Schule durchgef\u00fchrt hat. Wir freuen uns schon auf das n\u00e4chste Jahr, wenn es wieder hei\u00dft: \u201eH\u00fcpfende Herzen in der Georgii-Halle!\u201c<\/span><\/span><\/p>\n<p>&nbsp;<\/p>\n<p style=\"margin: 0cm 0cm 0pt; text-align: justify; -ms-text-justify: inter-ideograph;\"><span style=\"font-family: 'Arial','sans-serif'; font-size: 11pt;\"><span style=\"color: #000000;\">\u00a0<\/span><\/span><\/p>\n<p>&nbsp;<\/p>\n","protected":false},"excerpt":{"rendered":"<p>&nbsp; Unsere Herzen h\u00fcpfen wieder \u00a0Bereits zum dritten Mal durfte die Schellingschule die Deutsche Herzstiftung mit ihrem Workshop Skipping Hearts begr\u00fc\u00dfen. Dass Sich Bewegen Spa\u00df und gute Laune bringt, haben am 12. November die Viertkl\u00e4ssler unserer Schule bei einem ausgefallenen &hellip; <a href=\"https:\/\/www.schellingschule.de\/?page_id=4807\">Weiterlesen <span class=\"meta-nav\">&rarr;<\/span><\/a><\/p>\n","protected":false},"author":1,"featured_media":0,"parent":0,"menu_order":0,"comment_status":"closed","ping_status":"open","template":"sidebar-page.php","meta":{"footnotes":""},"class_list":["post-4807","page","type-page","status-publish","hentry"],"_links":{"self":[{"href":"https:\/\/www.schellingschule.de\/index.php?rest_route=\/wp\/v2\/pages\/4807","targetHints":{"allow":["GET"]}}],"collection":[{"href":"https:\/\/www.schellingschule.de\/index.php?rest_route=\/wp\/v2\/pages"}],"about":[{"href":"https:\/\/www.schellingschule.de\/index.php?rest_route=\/wp\/v2\/types\/page"}],"author":[{"embeddable":true,"href":"https:\/\/www.schellingschule.de\/index.php?rest_route=\/wp\/v2\/users\/1"}],"replies":[{"embeddable":true,"href":"https:\/\/www.schellingschule.de\/index.php?rest_route=%2Fwp%2Fv2%2Fcomments&post=4807"}],"version-history":[{"count":5,"href":"https:\/\/www.schellingschule.de\/index.php?rest_route=\/wp\/v2\/pages\/4807\/revisions"}],"predecessor-version":[{"id":4814,"href":"https:\/\/www.schellingschule.de\/index.php?rest_route=\/wp\/v2\/pages\/4807\/revisions\/4814"}],"wp:attachment":[{"href":"https:\/\/www.schellingschule.de\/index.php?rest_route=%2Fwp%2Fv2%2Fmedia&parent=4807"}],"curies":[{"name":"wp","href":"https:\/\/api.w.org\/{rel}","templated":true}]}}