{"id":4790,"date":"2014-11-07T18:19:23","date_gmt":"2014-11-07T16:19:23","guid":{"rendered":"http:\/\/www.schellingschule.de\/?page_id=4790"},"modified":"2014-11-10T17:19:54","modified_gmt":"2014-11-10T15:19:54","slug":"ein-vormittag-im-wald","status":"publish","type":"page","link":"https:\/\/www.schellingschule.de\/?page_id=4790","title":{"rendered":"Ein Vormittag im Wald"},"content":{"rendered":"<p style=\"text-align: justify;\">Ein Viertkl\u00e4ssler\u00a0berichtet: &#8222;<strong>Ein Vormittag im Wald<\/strong>&#8222;<\/p>\n<p style=\"text-align: justify;\">Am Mittwoch, dem 05.11. 2014, verbrachten wir, die Klassen 4a und 4b, einen Vormittag im Wald von Gebersheim.<\/p>\n<p style=\"text-align: justify;\">Um 8 Uhr trafen wir uns in der Schule. Zur Bushaltestelle liefen wir im Regen, wir mussten ein bisschen warten, aber dann kam der Bus. Wir stiegen ein fuhren nach Gebersheim, dort stiegen wir dann wieder aus.<\/p>\n<p style=\"text-align: justify;\">Wir mussten einen langen, steilen Weg bis zum Wald laufen. Dort haben wir den F\u00f6rster, Herrn Grass, und seine drei Helfer kennengelernt. Als erstes durften wir B\u00e4ume einpflanzen: Zuerst wurden die B\u00e4ume in den Boden gesetzt, danach die Erde mit den H\u00e4nden festgedr\u00fcckt, dann wurde der Stamm mit zwei Fingern gehalten und mit den F\u00fc\u00dfen um die Pflanze herumgetrampelt, damit sie im Boden fest verankert wird. Zwischendurch haben wir auch mal gevespert.<br \/>\n<a href=\"http:\/\/www.schellingschule.de\/wp-content\/uploads\/2014\/11\/Wald.jpg\"><img loading=\"lazy\" decoding=\"async\" class=\"wp-image-4796 aligncenter\" alt=\"OLYMPUS DIGITAL CAMERA\" src=\"http:\/\/www.schellingschule.de\/wp-content\/uploads\/2014\/11\/Wald.jpg\" width=\"456\" height=\"342\" srcset=\"https:\/\/www.schellingschule.de\/wp-content\/uploads\/2014\/11\/Wald.jpg 456w, https:\/\/www.schellingschule.de\/wp-content\/uploads\/2014\/11\/Wald-300x225.jpg 300w, https:\/\/www.schellingschule.de\/wp-content\/uploads\/2014\/11\/Wald-400x300.jpg 400w\" sizes=\"auto, (max-width: 456px) 100vw, 456px\" \/><\/a><\/p>\n<p style=\"text-align: justify;\">Als wir fertig waren, waren wir so schmutzig, dass wir unsere Arbeitshandschuhe ausziehen mussten. Wir haben uns bei Herrn Grass bedankt und sind dann weitergegangen.<\/p>\n<p style=\"text-align: justify;\">Auf dem Weg zum Spielplatz haben wir noch zwei Mammutb\u00e4ume gesehen, sie waren so breit, dass f\u00fcnf Kinder ihre Arme ausstrecken mussten, um\u00a0den Stamm zu umgreifen.<\/p>\n<p style=\"text-align: justify;\">Wir gingen weiter und kamen zum Spielplatz, wo wir so lange spielten, bis wir wieder zum Bus gehen mussten.<\/p>\n<p style=\"text-align: justify;\">Dreckverschmiert, aber zufrieden kamen wir schlie\u00dflich wieder an der Schule an.<br \/>\nMir hat es sehr gefallen!<\/p>\n<p style=\"text-align: justify;\">Tobias, Klasse 4b<\/p>\n","protected":false},"excerpt":{"rendered":"<p>Ein Viertkl\u00e4ssler\u00a0berichtet: &#8222;Ein Vormittag im Wald&#8222; Am Mittwoch, dem 05.11. 2014, verbrachten wir, die Klassen 4a und 4b, einen Vormittag im Wald von Gebersheim. Um 8 Uhr trafen wir uns in der Schule. Zur Bushaltestelle liefen wir im Regen, wir &hellip; <a href=\"https:\/\/www.schellingschule.de\/?page_id=4790\">Weiterlesen <span class=\"meta-nav\">&rarr;<\/span><\/a><\/p>\n","protected":false},"author":1,"featured_media":0,"parent":0,"menu_order":0,"comment_status":"closed","ping_status":"open","template":"sidebar-page.php","meta":{"footnotes":""},"class_list":["post-4790","page","type-page","status-publish","hentry"],"_links":{"self":[{"href":"https:\/\/www.schellingschule.de\/index.php?rest_route=\/wp\/v2\/pages\/4790","targetHints":{"allow":["GET"]}}],"collection":[{"href":"https:\/\/www.schellingschule.de\/index.php?rest_route=\/wp\/v2\/pages"}],"about":[{"href":"https:\/\/www.schellingschule.de\/index.php?rest_route=\/wp\/v2\/types\/page"}],"author":[{"embeddable":true,"href":"https:\/\/www.schellingschule.de\/index.php?rest_route=\/wp\/v2\/users\/1"}],"replies":[{"embeddable":true,"href":"https:\/\/www.schellingschule.de\/index.php?rest_route=%2Fwp%2Fv2%2Fcomments&post=4790"}],"version-history":[{"count":5,"href":"https:\/\/www.schellingschule.de\/index.php?rest_route=\/wp\/v2\/pages\/4790\/revisions"}],"predecessor-version":[{"id":4800,"href":"https:\/\/www.schellingschule.de\/index.php?rest_route=\/wp\/v2\/pages\/4790\/revisions\/4800"}],"wp:attachment":[{"href":"https:\/\/www.schellingschule.de\/index.php?rest_route=%2Fwp%2Fv2%2Fmedia&parent=4790"}],"curies":[{"name":"wp","href":"https:\/\/api.w.org\/{rel}","templated":true}]}}