{"id":4733,"date":"2014-10-23T18:15:24","date_gmt":"2014-10-23T16:15:24","guid":{"rendered":"http:\/\/www.schellingschule.de\/?page_id=4733"},"modified":"2014-10-24T15:48:28","modified_gmt":"2014-10-24T13:48:28","slug":"musikalisch-durch-den-donnerstagnachmittag","status":"publish","type":"page","link":"https:\/\/www.schellingschule.de\/?page_id=4733","title":{"rendered":"Musikalisch durch den Donnerstagnachmittag"},"content":{"rendered":"<p style=\"text-align: center;\">\u00a0<b style=\"mso-bidi-font-weight: normal;\"><span style=\"font-family: 'Arial','sans-serif';\"><strong><span style=\"color: #000000; font-size: medium;\">Musikalisch durch den Donnerstagnachmittag<br \/>\n<a href=\"http:\/\/www.schellingschule.de\/wp-content\/uploads\/2014\/10\/B2.jpg\"><img loading=\"lazy\" decoding=\"async\" class=\"size-full wp-image-4746\" alt=\"OLYMPUS DIGITAL CAMERA\" src=\"http:\/\/www.schellingschule.de\/wp-content\/uploads\/2014\/10\/B2.jpg\" width=\"411\" height=\"547\" srcset=\"https:\/\/www.schellingschule.de\/wp-content\/uploads\/2014\/10\/B2.jpg 411w, https:\/\/www.schellingschule.de\/wp-content\/uploads\/2014\/10\/B2-225x300.jpg 225w\" sizes=\"auto, (max-width: 411px) 100vw, 411px\" \/><\/a><br \/>\n<\/span><\/strong><\/span><\/b><\/p>\n<p style=\"margin: 0cm 0cm 10pt; text-align: justify;\"><span style=\"font-family: 'Arial','sans-serif';\"><span style=\"font-size: medium;\"><span style=\"color: #000000;\">Jeden Donnerstagnachmittag <span style=\"mso-spacerun: yes;\"><span style=\"font-family: Arial;\">\u00a0<\/span><\/span><\/span><\/span><span style=\"color: #000000; font-size: medium;\">geht es neben dem Erledigen der Hausaufgaben f\u00fcr unsere 30 Dritt- und Viertkl\u00e4ssler auch noch musikalisch zu:<\/span><\/span><\/p>\n<p style=\"margin: 0cm 0cm 10pt; text-align: justify;\"><span style=\"font-family: 'Arial','sans-serif';\"><span style=\"font-size: medium;\"><span style=\"color: #000000;\">Bei Frau Cieslar von der Musikschule <i style=\"mso-bidi-font-style: normal;\"><span style=\"font-family: Arial;\">Villa Musica<\/span><\/i><\/span><\/span><span style=\"color: #000000; font-size: medium;\"> d\u00fcrfen sich die Kids eine Gruppe aussuchen, in der sie ein bestimmtes Musikinstrument kennenlernen k\u00f6nnen. Neben dem \u201eBe-Greifen\u201c und Erlernen der Instrumente wie beispielsweise der Gitarre, dem Keyboard oder den Bongos wird in diesem Rahmen auch die Teilnahme an einem <\/span><span style=\"mso-spacerun: yes;\"><span style=\"color: #000000; font-family: Arial; font-size: medium;\">\u00a0<\/span><\/span><span style=\"color: #000000; font-size: medium;\">Sch\u00fclerchor angeboten, in dem die Kinder, begleitet von einem Klavier, verschiedene Lieder singen.<\/span><\/span><\/p>\n<p style=\"margin: 0cm 0cm 10pt; text-align: justify;\"><span style=\"font-family: 'Arial','sans-serif';\"><span style=\"color: #000000; font-size: medium;\">Ziel des Angebots ist es, die jungen Musiker an diverse Musikinstrumente heranzuf\u00fchren und so ihre Begeisterung f\u00fcr die Musik zu wecken.<\/span><\/span><\/p>\n<p style=\"margin: 0cm 0cm 10pt;\"><span style=\"font-family: 'Arial','sans-serif';\"><span style=\"font-size: medium;\"><span style=\"color: #000000;\">Na dann, spiel\u00b4s noch einmal, <span style=\"mso-spacerun: yes;\"><span style=\"font-family: Arial;\">\u00a0<\/span><\/span><\/span><\/span><span style=\"color: #000000; font-size: medium;\">Sam\u2026<br \/>\n<a href=\"http:\/\/www.schellingschule.de\/wp-content\/uploads\/2014\/10\/Musik.jpg\"><img loading=\"lazy\" decoding=\"async\" class=\" wp-image-4749 aligncenter\" alt=\"OLYMPUS DIGITAL CAMERA\" src=\"http:\/\/www.schellingschule.de\/wp-content\/uploads\/2014\/10\/Musik.jpg\" width=\"456\" height=\"342\" srcset=\"https:\/\/www.schellingschule.de\/wp-content\/uploads\/2014\/10\/Musik.jpg 456w, https:\/\/www.schellingschule.de\/wp-content\/uploads\/2014\/10\/Musik-300x225.jpg 300w, https:\/\/www.schellingschule.de\/wp-content\/uploads\/2014\/10\/Musik-400x300.jpg 400w\" sizes=\"auto, (max-width: 456px) 100vw, 456px\" \/><\/a><br \/>\n<\/span><\/span><\/p>\n<p>&nbsp;<\/p>\n<p>&nbsp;<\/p>\n","protected":false},"excerpt":{"rendered":"<p>\u00a0Musikalisch durch den Donnerstagnachmittag Jeden Donnerstagnachmittag \u00a0geht es neben dem Erledigen der Hausaufgaben f\u00fcr unsere 30 Dritt- und Viertkl\u00e4ssler auch noch musikalisch zu: Bei Frau Cieslar von der Musikschule Villa Musica d\u00fcrfen sich die Kids eine Gruppe aussuchen, in der &hellip; <a href=\"https:\/\/www.schellingschule.de\/?page_id=4733\">Weiterlesen <span class=\"meta-nav\">&rarr;<\/span><\/a><\/p>\n","protected":false},"author":1,"featured_media":0,"parent":0,"menu_order":0,"comment_status":"closed","ping_status":"open","template":"sidebar-page.php","meta":{"footnotes":""},"class_list":["post-4733","page","type-page","status-publish","hentry"],"_links":{"self":[{"href":"https:\/\/www.schellingschule.de\/index.php?rest_route=\/wp\/v2\/pages\/4733","targetHints":{"allow":["GET"]}}],"collection":[{"href":"https:\/\/www.schellingschule.de\/index.php?rest_route=\/wp\/v2\/pages"}],"about":[{"href":"https:\/\/www.schellingschule.de\/index.php?rest_route=\/wp\/v2\/types\/page"}],"author":[{"embeddable":true,"href":"https:\/\/www.schellingschule.de\/index.php?rest_route=\/wp\/v2\/users\/1"}],"replies":[{"embeddable":true,"href":"https:\/\/www.schellingschule.de\/index.php?rest_route=%2Fwp%2Fv2%2Fcomments&post=4733"}],"version-history":[{"count":6,"href":"https:\/\/www.schellingschule.de\/index.php?rest_route=\/wp\/v2\/pages\/4733\/revisions"}],"predecessor-version":[{"id":4754,"href":"https:\/\/www.schellingschule.de\/index.php?rest_route=\/wp\/v2\/pages\/4733\/revisions\/4754"}],"wp:attachment":[{"href":"https:\/\/www.schellingschule.de\/index.php?rest_route=%2Fwp%2Fv2%2Fmedia&parent=4733"}],"curies":[{"name":"wp","href":"https:\/\/api.w.org\/{rel}","templated":true}]}}