{"id":47,"date":"2012-12-03T17:37:05","date_gmt":"2012-12-03T15:37:05","guid":{"rendered":"http:\/\/www.textwerkstatt.de\/wp\/?page_id=47"},"modified":"2025-09-09T20:11:49","modified_gmt":"2025-09-09T18:11:49","slug":"essensplane","status":"publish","type":"page","link":"https:\/\/www.schellingschule.de\/?page_id=47","title":{"rendered":"Anmeldung Mittagessen"},"content":{"rendered":"<p style=\"text-align: justify;\">Liebe Eltern,<\/p>\n<p style=\"text-align: justify;\">seit vielen Jahren bieten wir unseren Sch\u00fclerinnen und Sch\u00fclern an der Schellingschule in der Mittagspause ein gesundes und abwechslungsreiches Mittagessen an.<\/p>\n<p style=\"text-align: justify;\">F\u00fcr derzeit nur 4,00 \u20ac pro Mittagessen bekommt Ihr Kind von Montag bis Freitag ein warmes Hauptgericht, teilweise mit Salatbeilage und einem Nachtisch. Selbstverst\u00e4ndlich nehmen wir auf Kinder R\u00fccksicht, die Vegetarier sind oder kein Schweinefleisch essen.<\/p>\n<p style=\"text-align: justify;\">Sch\u00fclerinnen und Sch\u00fcler, die sich f\u00fcr unser Mittagessen anmelden, verbringen ihre Pause in angenehmer Atmosph\u00e4re. Bis zum Beginn des Nachmittagsunterrichtes kann Ihr Kind sich in den ausgewiesenen Bereichen wie dem Schulhaus oder dem Schulhof aufhalten. Die Aufsicht obliegt zu dieser Zeit den Mitarbeiterinnen der Schulkindbetreuung. Grundsch\u00fclerinnen und Grundsch\u00fcler, die in der Kernzeitbetreuung angemeldet sind, sind zum Mittagessen ebenfalls herzlich eingeladen.<\/p>\n<p style=\"padding-left: 30px;\">Wir freuen uns auf Ihr Kind!<\/p>\n<p>Zur Website des Dienstes <strong>MensaMax<\/strong> gelangen Sie <strong><a href=\"https:\/\/mensamax.de\" target=\"_blank\" rel=\"noopener noreferrer\">hier<\/a>.<\/strong><\/p>\n<p>Den Informationsbrief mit den <strong>Login-Daten<\/strong> f\u00fcr MensaMax \u00a0<strong>Klasse 1 und 2<\/strong> \u00a0finden Sie <strong><a href=\"https:\/\/www.schellingschule.de\/wp-content\/uploads\/2021\/02\/Elternbrief-MensaMax.pdf\">hier<\/a>.<\/strong><\/p>\n<p>Den Informationsbrief mit den <strong>Login-Daten<\/strong> f\u00fcr MensaMax <strong>Klasse 3 und 4<\/strong> finden Sie \u00a0<strong><a href=\"https:\/\/www.schellingschule.de\/wp-content\/uploads\/2023\/10\/MensaMax-Infobrief-BB2544-Triangel.pdf\">hier<\/a><\/strong>.<span style=\"color: #000000;\">\u00a0<\/span><\/p>\n<hr \/>\n<p>Den aktuellen <strong>Essensplan<\/strong> auf der Website der Triangel finden Sie \u00a0<strong><a href=\"https:\/\/www.triangel-leonberg.de\">hier<\/a>.<\/strong><\/p>\n<p style=\"text-align: left;\">Die Schulleitung und das Kollegium der Schellingschule<\/p>\n","protected":false},"excerpt":{"rendered":"<p>Liebe Eltern, seit vielen Jahren bieten wir unseren Sch\u00fclerinnen und Sch\u00fclern an der Schellingschule in der Mittagspause ein gesundes und abwechslungsreiches Mittagessen an. F\u00fcr derzeit nur 4,00 \u20ac pro Mittagessen bekommt Ihr Kind von Montag bis Freitag ein warmes Hauptgericht, &hellip; <a href=\"https:\/\/www.schellingschule.de\/?page_id=47\">Weiterlesen <span class=\"meta-nav\">&rarr;<\/span><\/a><\/p>\n","protected":false},"author":1,"featured_media":0,"parent":0,"menu_order":0,"comment_status":"closed","ping_status":"open","template":"sidebar-page.php","meta":{"footnotes":""},"class_list":["post-47","page","type-page","status-publish","hentry"],"_links":{"self":[{"href":"https:\/\/www.schellingschule.de\/index.php?rest_route=\/wp\/v2\/pages\/47","targetHints":{"allow":["GET"]}}],"collection":[{"href":"https:\/\/www.schellingschule.de\/index.php?rest_route=\/wp\/v2\/pages"}],"about":[{"href":"https:\/\/www.schellingschule.de\/index.php?rest_route=\/wp\/v2\/types\/page"}],"author":[{"embeddable":true,"href":"https:\/\/www.schellingschule.de\/index.php?rest_route=\/wp\/v2\/users\/1"}],"replies":[{"embeddable":true,"href":"https:\/\/www.schellingschule.de\/index.php?rest_route=%2Fwp%2Fv2%2Fcomments&post=47"}],"version-history":[{"count":409,"href":"https:\/\/www.schellingschule.de\/index.php?rest_route=\/wp\/v2\/pages\/47\/revisions"}],"predecessor-version":[{"id":10656,"href":"https:\/\/www.schellingschule.de\/index.php?rest_route=\/wp\/v2\/pages\/47\/revisions\/10656"}],"wp:attachment":[{"href":"https:\/\/www.schellingschule.de\/index.php?rest_route=%2Fwp%2Fv2%2Fmedia&parent=47"}],"curies":[{"name":"wp","href":"https:\/\/api.w.org\/{rel}","templated":true}]}}