{"id":39,"date":"2012-12-03T17:31:14","date_gmt":"2012-12-03T15:31:14","guid":{"rendered":"http:\/\/www.textwerkstatt.de\/wp\/?page_id=39"},"modified":"2020-09-24T16:05:19","modified_gmt":"2020-09-24T14:05:19","slug":"schulleitung","status":"publish","type":"page","link":"https:\/\/www.schellingschule.de\/?page_id=39","title":{"rendered":"Schulleitung"},"content":{"rendered":"<p><img loading=\"lazy\" decoding=\"async\" style=\"float: right;margin-left: 10px\" src=\"\/wp-content\/uploads\/2012\/12\/sekretariat2.jpg\" alt=\"sekretariat2\" width=\"250\" height=\"188\" \/><\/p>\n<p style=\"margin-top: 0px\"><strong>Frau Wiedenmann<\/strong><br \/>\nWenn fr\u00fchmorgens<br \/>\nschon Licht aus dem B\u00fcro schimmert<br \/>\nund jemand Vertretungspl\u00e4ne zimmert,<br \/>\nwenn einer Ratschl\u00e4ge geben kann,<br \/>\ndann ist es unsere <b>Frau Wiedenmann!<\/b><\/p>\n<p>Als Schulleiterin ist sie erpicht<br \/>\nauf die Durchf\u00fchrbarkeit von Unterricht!<br \/>\nUnd auch f\u00fcr die Lehrer hat sie immer<br \/>\nein offenes Ohr und ein offenes Zimmer!<\/p>\n<p>&nbsp;<\/p>\n","protected":false},"excerpt":{"rendered":"<p>Frau Wiedenmann Wenn fr\u00fchmorgens schon Licht aus dem B\u00fcro schimmert und jemand Vertretungspl\u00e4ne zimmert, wenn einer Ratschl\u00e4ge geben kann, dann ist es unsere Frau Wiedenmann! Als Schulleiterin ist sie erpicht auf die Durchf\u00fchrbarkeit von Unterricht! Und auch f\u00fcr die Lehrer &hellip; <a href=\"https:\/\/www.schellingschule.de\/?page_id=39\">Weiterlesen <span class=\"meta-nav\">&rarr;<\/span><\/a><\/p>\n","protected":false},"author":1,"featured_media":0,"parent":0,"menu_order":0,"comment_status":"closed","ping_status":"closed","template":"sidebar-page.php","meta":{"footnotes":""},"class_list":["post-39","page","type-page","status-publish","hentry"],"_links":{"self":[{"href":"https:\/\/www.schellingschule.de\/index.php?rest_route=\/wp\/v2\/pages\/39","targetHints":{"allow":["GET"]}}],"collection":[{"href":"https:\/\/www.schellingschule.de\/index.php?rest_route=\/wp\/v2\/pages"}],"about":[{"href":"https:\/\/www.schellingschule.de\/index.php?rest_route=\/wp\/v2\/types\/page"}],"author":[{"embeddable":true,"href":"https:\/\/www.schellingschule.de\/index.php?rest_route=\/wp\/v2\/users\/1"}],"replies":[{"embeddable":true,"href":"https:\/\/www.schellingschule.de\/index.php?rest_route=%2Fwp%2Fv2%2Fcomments&post=39"}],"version-history":[{"count":48,"href":"https:\/\/www.schellingschule.de\/index.php?rest_route=\/wp\/v2\/pages\/39\/revisions"}],"predecessor-version":[{"id":8438,"href":"https:\/\/www.schellingschule.de\/index.php?rest_route=\/wp\/v2\/pages\/39\/revisions\/8438"}],"wp:attachment":[{"href":"https:\/\/www.schellingschule.de\/index.php?rest_route=%2Fwp%2Fv2%2Fmedia&parent=39"}],"curies":[{"name":"wp","href":"https:\/\/api.w.org\/{rel}","templated":true}]}}