{"id":357,"date":"2012-12-20T13:48:23","date_gmt":"2012-12-20T11:48:23","guid":{"rendered":"http:\/\/www.textwerkstatt.de\/wp\/?page_id=357"},"modified":"2025-08-02T14:11:26","modified_gmt":"2025-08-02T12:11:26","slug":"forderverein","status":"publish","type":"page","link":"https:\/\/www.schellingschule.de\/?page_id=357","title":{"rendered":"F\u00f6rderverein"},"content":{"rendered":"<p><strong>F\u00f6rderer und Freunde der Schellingschule Leonberg e.V.<\/strong><\/p>\n<p>Wir sind ein gemeinn\u00fctziger Verein, der die Schularbeit in der Schellingschule unterst\u00fctzen m\u00f6chte durch<\/p>\n<ul>\n<li>Ideelle und materielle F\u00f6rderung der Schulgemeinschaft<\/li>\n<li>F\u00f6rderung und Unterst\u00fctzung der Sch\u00fclerschaft<\/li>\n<li>Anerkennung besonderer Sch\u00fclerleistungen f\u00fcr die Schulgemeinschaft<\/li>\n<\/ul>\n<p>Bisherige gro\u00dfe Projekte:<\/p>\n<ul>\n<li>Willkommensfest<\/li>\n<li>Umgestaltung der Schulh\u00f6fe<\/li>\n<li>Putz- und Aufr\u00e4um- Aktion des Schulhofs<\/li>\n<li>Kleiderbasar<\/li>\n<li>Kinder- und B\u00fcrgerfest<\/li>\n<li>Adventsb\u00e4ckerei<\/li>\n<\/ul>\n<p>Sie k\u00f6nnen uns unterst\u00fctzen, indem Sie Mitglied werden oder uns eine Spende zukommen lassen.<\/p>\n<p><span style=\"color: #ff0000;\"><strong><span style=\"color: #ff0000;\"><a style=\"color: #ff0000;\" href=\"https:\/\/www.schellingschule.de\/wp-content\/uploads\/2022\/08\/20220828-Foerderverein-Beitrittserklaerung2022-final.pdf\">Hier<\/a><\/span><\/strong><\/span> finden Sie die <strong>Beitrittserkl\u00e4rung<\/strong>.<\/p>\n<p style=\"text-align: left; padding-left: 60px;\"><strong>Kontoinhaber<\/strong>: F\u00f6rderverein Schellingschule<\/p>\n<p style=\"text-align: left; padding-left: 60px;\"><strong>IBAN<\/strong>: DE41 6035 0130 0008 1235 49<\/p>\n<p style=\"text-align: left; padding-left: 60px;\"><strong>Bank<\/strong>: Kreissparkasse B\u00f6blingen<\/p>\n<p style=\"text-align: left;\">F\u00fcr Fragen und Anregungen steht zur Verf\u00fcgung:<\/p>\n<p style=\"text-align: left; padding-left: 30px;\"><strong>Kontakt<\/strong>: Frau D\u00fcber \/ Herr B\u00f6ttcher<\/p>\n<p style=\"text-align: left; padding-left: 30px;\"><strong>E-mail<\/strong>: foerderverein.schellingschule@schellingschule.de<\/p>\n\n\n<figure class=\"wp-block-image size-large is-resized\"><img loading=\"lazy\" decoding=\"async\" width=\"1024\" height=\"768\" src=\"https:\/\/www.schellingschule.de\/wp-content\/uploads\/2022\/06\/IMG-20220430-WA0010_MEDIUM-1024x768.jpg\" alt=\"\" class=\"wp-image-9317\" style=\"width:316px;height:237px\" srcset=\"https:\/\/www.schellingschule.de\/wp-content\/uploads\/2022\/06\/IMG-20220430-WA0010_MEDIUM-1024x768.jpg 1024w, https:\/\/www.schellingschule.de\/wp-content\/uploads\/2022\/06\/IMG-20220430-WA0010_MEDIUM-300x225.jpg 300w, https:\/\/www.schellingschule.de\/wp-content\/uploads\/2022\/06\/IMG-20220430-WA0010_MEDIUM-768x576.jpg 768w, https:\/\/www.schellingschule.de\/wp-content\/uploads\/2022\/06\/IMG-20220430-WA0010_MEDIUM-1536x1152.jpg 1536w, https:\/\/www.schellingschule.de\/wp-content\/uploads\/2022\/06\/IMG-20220430-WA0010_MEDIUM-400x300.jpg 400w, https:\/\/www.schellingschule.de\/wp-content\/uploads\/2022\/06\/IMG-20220430-WA0010_MEDIUM.jpg 1920w\" sizes=\"auto, (max-width: 1024px) 100vw, 1024px\" \/><\/figure>\n\n\n<div class=\"wp-block-image is-style-default\">\n<figure class=\"alignright size-large is-resized\"><img loading=\"lazy\" decoding=\"async\" width=\"1024\" height=\"768\" src=\"https:\/\/www.schellingschule.de\/wp-content\/uploads\/2022\/06\/IMG-20220430-WA0028_MEDIUM-1024x768.jpg\" alt=\"\" class=\"wp-image-9319\" style=\"width:309px;height:232px\" srcset=\"https:\/\/www.schellingschule.de\/wp-content\/uploads\/2022\/06\/IMG-20220430-WA0028_MEDIUM-1024x768.jpg 1024w, https:\/\/www.schellingschule.de\/wp-content\/uploads\/2022\/06\/IMG-20220430-WA0028_MEDIUM-300x225.jpg 300w, https:\/\/www.schellingschule.de\/wp-content\/uploads\/2022\/06\/IMG-20220430-WA0028_MEDIUM-768x576.jpg 768w, https:\/\/www.schellingschule.de\/wp-content\/uploads\/2022\/06\/IMG-20220430-WA0028_MEDIUM-1536x1152.jpg 1536w, https:\/\/www.schellingschule.de\/wp-content\/uploads\/2022\/06\/IMG-20220430-WA0028_MEDIUM-400x300.jpg 400w, https:\/\/www.schellingschule.de\/wp-content\/uploads\/2022\/06\/IMG-20220430-WA0028_MEDIUM.jpg 1920w\" sizes=\"auto, (max-width: 1024px) 100vw, 1024px\" \/><\/figure><\/div>\n\n<div class=\"wp-block-image\">\n<figure class=\"alignleft size-large is-resized\"><img loading=\"lazy\" decoding=\"async\" width=\"768\" height=\"1024\" src=\"https:\/\/www.schellingschule.de\/wp-content\/uploads\/2022\/06\/IMG-20220513-WA0025_MEDIUM-768x1024.jpg\" alt=\"\" class=\"wp-image-9323\" style=\"width:237px;height:316px\" srcset=\"https:\/\/www.schellingschule.de\/wp-content\/uploads\/2022\/06\/IMG-20220513-WA0025_MEDIUM-768x1024.jpg 768w, https:\/\/www.schellingschule.de\/wp-content\/uploads\/2022\/06\/IMG-20220513-WA0025_MEDIUM-225x300.jpg 225w, https:\/\/www.schellingschule.de\/wp-content\/uploads\/2022\/06\/IMG-20220513-WA0025_MEDIUM-1152x1536.jpg 1152w, https:\/\/www.schellingschule.de\/wp-content\/uploads\/2022\/06\/IMG-20220513-WA0025_MEDIUM.jpg 1440w\" sizes=\"auto, (max-width: 768px) 100vw, 768px\" \/><\/figure><\/div>\n\n\n<p><\/p>\n","protected":false},"excerpt":{"rendered":"<p>F\u00f6rderer und Freunde der Schellingschule Leonberg e.V. Wir sind ein gemeinn\u00fctziger Verein, der die Schularbeit in der Schellingschule unterst\u00fctzen m\u00f6chte durch Ideelle und materielle F\u00f6rderung der Schulgemeinschaft F\u00f6rderung und Unterst\u00fctzung der Sch\u00fclerschaft Anerkennung besonderer Sch\u00fclerleistungen f\u00fcr die Schulgemeinschaft Bisherige gro\u00dfe &hellip; <a href=\"https:\/\/www.schellingschule.de\/?page_id=357\">Weiterlesen <span class=\"meta-nav\">&rarr;<\/span><\/a><\/p>\n","protected":false},"author":1,"featured_media":0,"parent":0,"menu_order":0,"comment_status":"closed","ping_status":"open","template":"sidebar-page.php","meta":{"footnotes":""},"class_list":["post-357","page","type-page","status-publish","hentry"],"_links":{"self":[{"href":"https:\/\/www.schellingschule.de\/index.php?rest_route=\/wp\/v2\/pages\/357","targetHints":{"allow":["GET"]}}],"collection":[{"href":"https:\/\/www.schellingschule.de\/index.php?rest_route=\/wp\/v2\/pages"}],"about":[{"href":"https:\/\/www.schellingschule.de\/index.php?rest_route=\/wp\/v2\/types\/page"}],"author":[{"embeddable":true,"href":"https:\/\/www.schellingschule.de\/index.php?rest_route=\/wp\/v2\/users\/1"}],"replies":[{"embeddable":true,"href":"https:\/\/www.schellingschule.de\/index.php?rest_route=%2Fwp%2Fv2%2Fcomments&post=357"}],"version-history":[{"count":43,"href":"https:\/\/www.schellingschule.de\/index.php?rest_route=\/wp\/v2\/pages\/357\/revisions"}],"predecessor-version":[{"id":10569,"href":"https:\/\/www.schellingschule.de\/index.php?rest_route=\/wp\/v2\/pages\/357\/revisions\/10569"}],"wp:attachment":[{"href":"https:\/\/www.schellingschule.de\/index.php?rest_route=%2Fwp%2Fv2%2Fmedia&parent=357"}],"curies":[{"name":"wp","href":"https:\/\/api.w.org\/{rel}","templated":true}]}}