{"id":3489,"date":"2014-02-28T18:46:06","date_gmt":"2014-02-28T16:46:06","guid":{"rendered":"http:\/\/www.schellingschule.de\/?page_id=3489"},"modified":"2014-03-04T09:14:52","modified_gmt":"2014-03-04T07:14:52","slug":"3489-2","status":"publish","type":"page","link":"https:\/\/www.schellingschule.de\/?page_id=3489","title":{"rendered":"Buntes Faschingstreiben l\u00e4utet die Ferienwoche ein"},"content":{"rendered":"<p>&nbsp;<\/p>\n<p style=\"margin: 0cm 0cm 0pt; text-align: center;\" align=\"center\"><b style=\"mso-bidi-font-weight: normal;\"><span style=\"text-decoration: underline;\"><span style=\"font-family: 'Arial','sans-serif'; font-size: 11pt;\"><strong><span style=\"color: #000000;\">Buntes Faschingstreiben l\u00e4utet die Ferien ein<\/span><\/strong><\/span><\/span><\/b><\/p>\n<p>&nbsp;<\/p>\n<p style=\"margin: 0cm 0cm 0pt; -ms-text-justify: inter-ideograph;\"><span style=\"font-family: 'Arial','sans-serif'; font-size: 11pt;\"><span style=\"color: #000000;\">Seltsame Gestalten und gef\u00e4hrliche Tiere in phantasievollen Kost\u00fcmen versammelten sich am vergangenen Freitag vor unserer Schule und begehrten nachdr\u00fccklich Einlass in ihre Klassenzimmer zur ersten oder zweiten Unterrichtsstunde! In s\u00e4mtlichen Grundschulklassen wurde eine Faschingsparty gefeiert und dazu wollten nat\u00fcrlich alle Sch\u00fcler und Lehrerinnen verkleidet erscheinen!<br \/>\n<a href=\"http:\/\/www.schellingschule.de\/wp-content\/uploads\/2014\/03\/Fasnet-3-e1393776161642.jpg\"><img loading=\"lazy\" decoding=\"async\" class=\"size-full wp-image-3513 aligncenter\" alt=\"Fasnet 3\" src=\"http:\/\/www.schellingschule.de\/wp-content\/uploads\/2014\/03\/Fasnet-3-e1393776161642.jpg\" width=\"500\" height=\"375\" \/><\/a><br \/>\n<\/span><\/span><span style=\"font-family: 'Arial','sans-serif'; font-size: 11pt;\"><span style=\"color: #000000;\"><br \/>\n<\/span><\/span><\/p>\n<p style=\"margin: 0cm 0cm 0pt; -ms-text-justify: inter-ideograph;\"><span style=\"font-family: 'Arial','sans-serif'; font-size: 11pt;\"><span style=\"color: #000000;\">Schon bald nach Stundenbeginn h\u00f6rte man dann laute, stimmungsvolle Musik durch die einzelnen Klassenzimmert\u00fcren schallen; dazu wurde heftig getanzt oder es wurden Musikspiele veranstaltet. Auch f\u00fcr das leibliche Wohl war in allen Partyklassen gesorgt: w\u00e4hrend die Eingangsstufe selbst Piratenspie\u00dfe herstellte, brachten die Sch\u00fcler der Klassenstufen drei und vier S\u00fc\u00dfigkeiten oder Selbstgebackenes mit.<br \/>\n<a href=\"http:\/\/www.schellingschule.de\/wp-content\/uploads\/2014\/02\/Fasnet-2-e1393609223808.jpg\"><img loading=\"lazy\" decoding=\"async\" class=\"aligncenter\" alt=\"OLYMPUS DIGITAL CAMERA\" src=\"http:\/\/www.schellingschule.de\/wp-content\/uploads\/2014\/02\/Fasnet-2-e1393609223808.jpg\" width=\"300\" height=\"400\" \/><\/a><\/span><\/span><\/p>\n<p style=\"margin: 0cm 0cm 0pt; text-align: justify; -ms-text-justify: inter-ideograph;\"><span style=\"font-family: 'Arial','sans-serif'; font-size: 11pt;\"><span style=\"color: #000000;\">Die n\u00e4rrische Stimmung trieb dann endg\u00fcltig ihrem H\u00f6hepunkt entgegen, als die einzelnen Klassen eine Polonaise unternahmen &#8211; <span style=\"mso-spacerun: yes;\"><span style=\"font-family: Arial; font-size: medium;\">\u00a0<\/span><\/span>eine immer l\u00e4nger werdende Schlange aus kost\u00fcmierten Kindern nebst ihren ebenfalls verkleideten Klassenlehrerinnen wand sich bis zur gegen\u00fcberliegenden Aula der Gerhart-Hauptmann-Realschule. Dort fanden sich alle Klassen ein, um zu den verschiedensten Faschingsliedern zu tanzen.<\/span><\/span><span style=\"font-family: 'Arial','sans-serif'; font-size: 11pt;\"><span style=\"color: #000000;\"><br \/>\n<a href=\"http:\/\/www.schellingschule.de\/wp-content\/uploads\/2014\/02\/Fasnet.jpg\"><img loading=\"lazy\" decoding=\"async\" alt=\"OLYMPUS DIGITAL CAMERA\" src=\"http:\/\/www.schellingschule.de\/wp-content\/uploads\/2014\/02\/Fasnet.jpg\" width=\"730\" height=\"548\" \/><\/a><br \/>\n<\/span><\/span><\/p>\n<p><span style=\"font-family: 'Arial','sans-serif'; font-size: 11pt;\"><span style=\"color: #000000;\">P\u00fcnktlich zum Unterrichtsschluss konnte die bunte Schar dann unter lautem Get\u00f6se in die verdienten Faschingsferien verabschiedet werden!<\/span><\/span><\/p>\n<p>&nbsp;<\/p>\n<p style=\"margin: 0cm 0cm 0pt; text-align: justify; -ms-text-justify: inter-ideograph;\"><span style=\"font-family: 'Arial','sans-serif'; font-size: 11pt;\"><span style=\"color: #000000;\">\u00a0<\/span><\/span><\/p>\n<p>&nbsp;<\/p>\n<p style=\"margin: 0cm 0cm 0pt; text-align: justify; -ms-text-justify: inter-ideograph;\"><span style=\"font-family: 'Arial','sans-serif'; font-size: 11pt;\"><span style=\"color: #000000;\">\u00a0<\/span><\/span><\/p>\n<p>&nbsp;<\/p>\n<p style=\"margin: 0cm 0cm 0pt; text-align: justify; -ms-text-justify: inter-ideograph;\"><span style=\"font-family: 'Arial','sans-serif'; font-size: 11pt;\"><span style=\"color: #000000;\">\u00a0<\/span><\/span><\/p>\n<p>&nbsp;<\/p>\n","protected":false},"excerpt":{"rendered":"<p>&nbsp; Buntes Faschingstreiben l\u00e4utet die Ferien ein &nbsp; Seltsame Gestalten und gef\u00e4hrliche Tiere in phantasievollen Kost\u00fcmen versammelten sich am vergangenen Freitag vor unserer Schule und begehrten nachdr\u00fccklich Einlass in ihre Klassenzimmer zur ersten oder zweiten Unterrichtsstunde! In s\u00e4mtlichen Grundschulklassen wurde &hellip; <a href=\"https:\/\/www.schellingschule.de\/?page_id=3489\">Weiterlesen <span class=\"meta-nav\">&rarr;<\/span><\/a><\/p>\n","protected":false},"author":1,"featured_media":0,"parent":0,"menu_order":0,"comment_status":"closed","ping_status":"open","template":"sidebar-page.php","meta":{"footnotes":""},"class_list":["post-3489","page","type-page","status-publish","hentry"],"_links":{"self":[{"href":"https:\/\/www.schellingschule.de\/index.php?rest_route=\/wp\/v2\/pages\/3489","targetHints":{"allow":["GET"]}}],"collection":[{"href":"https:\/\/www.schellingschule.de\/index.php?rest_route=\/wp\/v2\/pages"}],"about":[{"href":"https:\/\/www.schellingschule.de\/index.php?rest_route=\/wp\/v2\/types\/page"}],"author":[{"embeddable":true,"href":"https:\/\/www.schellingschule.de\/index.php?rest_route=\/wp\/v2\/users\/1"}],"replies":[{"embeddable":true,"href":"https:\/\/www.schellingschule.de\/index.php?rest_route=%2Fwp%2Fv2%2Fcomments&post=3489"}],"version-history":[{"count":11,"href":"https:\/\/www.schellingschule.de\/index.php?rest_route=\/wp\/v2\/pages\/3489\/revisions"}],"predecessor-version":[{"id":3530,"href":"https:\/\/www.schellingschule.de\/index.php?rest_route=\/wp\/v2\/pages\/3489\/revisions\/3530"}],"wp:attachment":[{"href":"https:\/\/www.schellingschule.de\/index.php?rest_route=%2Fwp%2Fv2%2Fmedia&parent=3489"}],"curies":[{"name":"wp","href":"https:\/\/api.w.org\/{rel}","templated":true}]}}