{"id":2762,"date":"2013-12-14T22:34:13","date_gmt":"2013-12-14T20:34:13","guid":{"rendered":"http:\/\/www.schellingschule.de\/?page_id=2762"},"modified":"2013-12-18T18:10:57","modified_gmt":"2013-12-18T16:10:57","slug":"da-brat%c2%b4-mir-einer-einen-apfel","status":"publish","type":"page","link":"https:\/\/www.schellingschule.de\/?page_id=2762","title":{"rendered":"Da brat\u00b4 mir einer einen Apfel&#8230;"},"content":{"rendered":"<p style=\"text-align: center;\"><span style=\"text-decoration: underline;\"><span style=\"font-family: 'Arial','sans-serif'; font-size: 11pt;\"><span style=\"color: #000000;\">Eine ganz besondere Teamstunde im Advent<\/span><\/span><\/span><\/p>\n<p style=\"margin: 0cm 0cm 0pt; text-align: justify; -ms-text-justify: inter-ideograph;\"><span style=\"font-family: 'Arial','sans-serif'; font-size: 11pt;\"><span style=\"color: #000000;\">Eine Teamstunde der etwas anderen Art erlebten die Kinder der Eingangsstufe in der Adventszeit: anstatt Deutsch oder Mathematik stand dieses Mal \u201eBrat\u00e4pfel herstellen\u201c auf dem Stundenplan. Unterst\u00fctzt wurden die vier Klassenlehrerinnen dabei von ihren Kolleginnen aus den Stufen 3 und 4. In den Klassen wurden die bereits vorbereiteten \u00c4pfel nach Belieben gef\u00fcllt &#8211; <span style=\"mso-spacerun: yes;\"><span style=\"font-family: Arial; font-size: medium;\">\u00a0<\/span><\/span>jedes Kind konnte sich seinen eigenen, pers\u00f6nlichen Bratapfel zusammenmischen: neben Mandeln, Rosinen, Kokosraspel und Zimt durfte dabei nat\u00fcrlich auch reichlich Zucker nicht fehlen!\u00a0<\/span><\/span><\/p>\n<p>\u00a0<span style=\"text-decoration: underline;\"><span style=\"font-family: 'Arial','sans-serif'; font-size: 11pt;\"><span style=\"color: #000000;\"><a href=\"http:\/\/www.schellingschule.de\/wp-content\/uploads\/2013\/12\/Apfel1.jpg\"><img loading=\"lazy\" decoding=\"async\" class=\"alignnone size-full wp-image-2810\" alt=\"Apfel1\" src=\"http:\/\/www.schellingschule.de\/wp-content\/uploads\/2013\/12\/Apfel1.jpg\" width=\"486\" height=\"648\" srcset=\"https:\/\/www.schellingschule.de\/wp-content\/uploads\/2013\/12\/Apfel1.jpg 486w, https:\/\/www.schellingschule.de\/wp-content\/uploads\/2013\/12\/Apfel1-225x300.jpg 225w\" sizes=\"auto, (max-width: 486px) 100vw, 486px\" \/><\/a><\/span><\/span><\/span><\/p>\n<p style=\"margin: 0cm 0cm 0pt; text-align: justify; -ms-text-justify: inter-ideograph;\"><span style=\"font-family: 'Arial','sans-serif'; font-size: 11pt;\"><span style=\"color: #000000;\">Die Klasse E3 bekam in ihrer \u201eBratapfel- Stunde\u201c besondere Unterst\u00fctzung: Die Klassenlehrerin der 3a, Frau Petsche, brachte kurzerhand ihre eigenen Sch\u00fclerinnen und Sch\u00fcler mit ins Klassenzimmer der E3 &#8211; <span style=\"mso-spacerun: yes;\"><span style=\"font-family: Arial; font-size: medium;\">\u00a0<\/span><\/span>so sa\u00dfen darin auf einmal 31 Kinder, die sich schon ungeduldig auf ihre Brat\u00e4pfel freuten! Kam es bei dem einen oder anderen Schulanf\u00e4nger zu Schwierigkeiten beim Bef\u00fcllen des Apfels, konnten die \u201egro\u00dfen\u201c Drittkl\u00e4ssler direkt einspringen und die Kinder der E3 unterst\u00fctzen. W\u00e4hrend die Sch\u00fcler ihre \u00c4pfel bef\u00fcllten und sich auch lebhaft dar\u00fcber austauschten, erklangen aus dem CD- Spieler besinnliche Weihnachtslieder, die sofort mitgesummt oder sogar mitgesungen wurden. Zum Gl\u00fcck verk\u00fcrzten uns auch noch die Gro\u00dfe Pause und das Singen des Liedes der \u201eWeihnachtsb\u00e4ckerei\u201c die \u201eendlose\u201c Warterei vor dem Backofen &#8211; <span style=\"mso-spacerun: yes;\"><span style=\"font-family: Arial; font-size: medium;\">\u00a0<\/span><\/span>und als die Klassenlehrerin der E3, Frau Strobel, endlich mit den duftenden \u00c4pfeln auf dem Blech erschien, wurde es auf einmal ganz still unter den Kindern; and\u00e4chtig a\u00dfen sie gen\u00fcsslich ihre selbstgemachten Brat\u00e4pfel.<\/span><\/span><\/p>\n<p>\u00a0<span style=\"text-decoration: underline;\"><span style=\"font-family: 'Arial','sans-serif'; font-size: 11pt;\"><span style=\"color: #000000;\"><a href=\"http:\/\/www.schellingschule.de\/wp-content\/uploads\/2013\/12\/Brat\u00e4pfel-3.jpg\"><img loading=\"lazy\" decoding=\"async\" class=\"alignnone size-full wp-image-2796\" alt=\"Brat\u00e4pfel 3\" src=\"http:\/\/www.schellingschule.de\/wp-content\/uploads\/2013\/12\/Brat\u00e4pfel-3.jpg\" width=\"864\" height=\"648\" \/><\/a><\/span><\/span><\/span><\/p>\n<p style=\"margin: 0cm 0cm 0pt; text-align: justify; -ms-text-justify: inter-ideograph;\"><span style=\"font-family: 'Arial','sans-serif'; font-size: 11pt;\"><span style=\"color: #000000;\">Nach der Verkostung dieser s\u00fc\u00dfen Versuchung waren sich am Ende wieder einmal alle einig: <\/span><\/span><\/p>\n<p style=\"margin: 0cm 0cm 0pt; text-align: justify; -ms-text-justify: inter-ideograph;\"><span style=\"font-family: 'Arial','sans-serif'; font-size: 11pt;\"><span style=\"color: #000000;\">Brat\u00e4pfel sind einfach lecker!<\/span><\/span><\/p>\n<p>&nbsp;<\/p>\n<p style=\"margin: 0cm 0cm 0pt;\"><span style=\"font-family: 'Arial','sans-serif'; font-size: 11pt;\"><span style=\"color: #000000;\">\u00a0<\/span><\/span><\/p>\n<p>&nbsp;<\/p>\n","protected":false},"excerpt":{"rendered":"<p>Eine ganz besondere Teamstunde im Advent Eine Teamstunde der etwas anderen Art erlebten die Kinder der Eingangsstufe in der Adventszeit: anstatt Deutsch oder Mathematik stand dieses Mal \u201eBrat\u00e4pfel herstellen\u201c auf dem Stundenplan. Unterst\u00fctzt wurden die vier Klassenlehrerinnen dabei von ihren &hellip; <a href=\"https:\/\/www.schellingschule.de\/?page_id=2762\">Weiterlesen <span class=\"meta-nav\">&rarr;<\/span><\/a><\/p>\n","protected":false},"author":1,"featured_media":0,"parent":0,"menu_order":0,"comment_status":"closed","ping_status":"open","template":"sidebar-page.php","meta":{"footnotes":""},"class_list":["post-2762","page","type-page","status-publish","hentry"],"_links":{"self":[{"href":"https:\/\/www.schellingschule.de\/index.php?rest_route=\/wp\/v2\/pages\/2762","targetHints":{"allow":["GET"]}}],"collection":[{"href":"https:\/\/www.schellingschule.de\/index.php?rest_route=\/wp\/v2\/pages"}],"about":[{"href":"https:\/\/www.schellingschule.de\/index.php?rest_route=\/wp\/v2\/types\/page"}],"author":[{"embeddable":true,"href":"https:\/\/www.schellingschule.de\/index.php?rest_route=\/wp\/v2\/users\/1"}],"replies":[{"embeddable":true,"href":"https:\/\/www.schellingschule.de\/index.php?rest_route=%2Fwp%2Fv2%2Fcomments&post=2762"}],"version-history":[{"count":12,"href":"https:\/\/www.schellingschule.de\/index.php?rest_route=\/wp\/v2\/pages\/2762\/revisions"}],"predecessor-version":[{"id":2811,"href":"https:\/\/www.schellingschule.de\/index.php?rest_route=\/wp\/v2\/pages\/2762\/revisions\/2811"}],"wp:attachment":[{"href":"https:\/\/www.schellingschule.de\/index.php?rest_route=%2Fwp%2Fv2%2Fmedia&parent=2762"}],"curies":[{"name":"wp","href":"https:\/\/api.w.org\/{rel}","templated":true}]}}