{"id":2693,"date":"2013-12-06T19:10:44","date_gmt":"2013-12-06T17:10:44","guid":{"rendered":"http:\/\/www.schellingschule.de\/?page_id=2693"},"modified":"2013-12-06T19:27:54","modified_gmt":"2013-12-06T17:27:54","slug":"2693-2","status":"publish","type":"page","link":"https:\/\/www.schellingschule.de\/?page_id=2693","title":{"rendered":"Wunschsterne f\u00fcr den Schul- Christbaum"},"content":{"rendered":"<p style=\"text-align: center;\">\u00a0<b style=\"mso-bidi-font-weight: normal;\"><span style=\"text-decoration: underline;\"><span style=\"line-height: 115%; font-family: 'Arial','sans-serif'; font-size: 12pt;\"><strong><span style=\"color: #000000;\">Wunschsterne f\u00fcr den Schul- Christbaum<\/span><\/strong><\/span><\/span><\/b><\/p>\n<p style=\"margin: 0cm 0cm 10pt; text-align: justify;\"><span style=\"line-height: 115%; font-family: 'Arial','sans-serif'; font-size: 12pt;\"><span style=\"color: #000000;\">Auch in diesem Jahr schm\u00fcckten die Klassen 3 bis 6 in einer kleinen gemeinsamen Feier wieder den Schul-Weihnachtsbaum mit ihren \u201eWunschsternen\u201c.<\/span><\/span><\/p>\n<p>Im Vorfeld hatten sich die Sch\u00fclerinnen und Sch\u00fcler \u00fcberlegt, was sie sich w\u00fcnschen k\u00f6nnten und dabei wurde relativ schnell <span style=\"mso-spacerun: yes;\"><span style=\"font-family: Arial; font-size: medium;\">\u00a0<\/span><\/span>allen klar, dass sie W\u00fcnsche aufschreiben wollten, die man, wie die wichtigsten Dinge des Lebens \u00fcberhaupt, alle nicht kaufen kann!<br \/>\nUnd so wurden W\u00fcnsche wie \u201eAlle Kinder auf der Welt sollen etwas zu essen haben\u201c,<span style=\"mso-spacerun: yes;\"><span style=\"font-family: Arial; font-size: medium;\">\u00a0 <\/span><\/span>\u201eEs soll keinen Streit mehr auf der Welt geben\u201c oder \u201eGesundheit f\u00fcr die Familie\u201c auf die Sterne geschrieben.<br \/>\n<strong>\u00a0<\/strong><a href=\"http:\/\/www.schellingschule.de\/wp-content\/uploads\/2013\/12\/Wunschsterne-e1386350836446.jpg\"><img loading=\"lazy\" decoding=\"async\" class=\"alignnone size-full wp-image-2697\" alt=\"Wunschsterne\" src=\"http:\/\/www.schellingschule.de\/wp-content\/uploads\/2013\/12\/Wunschsterne-e1386350836446.jpg\" width=\"450\" height=\"600\" \/><\/a><br \/>\nAuch der eine oder andere geheime Herzenswunsch fand auf so manchem Stern seinen Platz. Nat\u00fcrlich wurden die Sterne noch sch\u00f6n verziert und k\u00f6nnen nun im Eingangsbereich der Schellingschule am diesj\u00e4hrigen Christbaum bewundert und nat\u00fcrlich auch gelesen werden.<br \/>\n<span style=\"line-height: 115%; font-family: 'Arial','sans-serif'; font-size: 12pt;\"><br \/>\n<span style=\"color: #000000;\"> Und, wer wei\u00df? Vielleicht erf\u00fcllt sich ja tats\u00e4chlich der eine oder andere Wunsch &#8211; <span style=\"mso-spacerun: yes;\"><span style=\"font-family: Arial; font-size: medium;\">\u00a0<\/span><\/span>das w\u00e4re sehr sch\u00f6n!<br \/>\n<a href=\"http:\/\/www.schellingschule.de\/wp-content\/uploads\/2013\/12\/Wunschsterne-2-e1386350435674.jpg\"><img loading=\"lazy\" decoding=\"async\" class=\"alignnone size-full wp-image-2696\" alt=\"Wunschsterne 2\" src=\"http:\/\/www.schellingschule.de\/wp-content\/uploads\/2013\/12\/Wunschsterne-2-e1386350435674.jpg\" width=\"1200\" height=\"900\" \/><\/a><br \/>\n<\/span><\/span><\/p>\n<p>&nbsp;<\/p>\n","protected":false},"excerpt":{"rendered":"<p>\u00a0Wunschsterne f\u00fcr den Schul- Christbaum Auch in diesem Jahr schm\u00fcckten die Klassen 3 bis 6 in einer kleinen gemeinsamen Feier wieder den Schul-Weihnachtsbaum mit ihren \u201eWunschsternen\u201c. Im Vorfeld hatten sich die Sch\u00fclerinnen und Sch\u00fcler \u00fcberlegt, was sie sich w\u00fcnschen k\u00f6nnten &hellip; <a href=\"https:\/\/www.schellingschule.de\/?page_id=2693\">Weiterlesen <span class=\"meta-nav\">&rarr;<\/span><\/a><\/p>\n","protected":false},"author":1,"featured_media":0,"parent":0,"menu_order":0,"comment_status":"closed","ping_status":"open","template":"sidebar-page.php","meta":{"footnotes":""},"class_list":["post-2693","page","type-page","status-publish","hentry"],"_links":{"self":[{"href":"https:\/\/www.schellingschule.de\/index.php?rest_route=\/wp\/v2\/pages\/2693","targetHints":{"allow":["GET"]}}],"collection":[{"href":"https:\/\/www.schellingschule.de\/index.php?rest_route=\/wp\/v2\/pages"}],"about":[{"href":"https:\/\/www.schellingschule.de\/index.php?rest_route=\/wp\/v2\/types\/page"}],"author":[{"embeddable":true,"href":"https:\/\/www.schellingschule.de\/index.php?rest_route=\/wp\/v2\/users\/1"}],"replies":[{"embeddable":true,"href":"https:\/\/www.schellingschule.de\/index.php?rest_route=%2Fwp%2Fv2%2Fcomments&post=2693"}],"version-history":[{"count":7,"href":"https:\/\/www.schellingschule.de\/index.php?rest_route=\/wp\/v2\/pages\/2693\/revisions"}],"predecessor-version":[{"id":2703,"href":"https:\/\/www.schellingschule.de\/index.php?rest_route=\/wp\/v2\/pages\/2693\/revisions\/2703"}],"wp:attachment":[{"href":"https:\/\/www.schellingschule.de\/index.php?rest_route=%2Fwp%2Fv2%2Fmedia&parent=2693"}],"curies":[{"name":"wp","href":"https:\/\/api.w.org\/{rel}","templated":true}]}}