{"id":2617,"date":"2013-11-27T22:23:32","date_gmt":"2013-11-27T20:23:32","guid":{"rendered":"http:\/\/www.schellingschule.de\/?page_id=2617"},"modified":"2013-11-27T22:29:12","modified_gmt":"2013-11-27T20:29:12","slug":"ein-kooperatives-literaturcafe-eroffnet-neue-lesewelten","status":"publish","type":"page","link":"https:\/\/www.schellingschule.de\/?page_id=2617","title":{"rendered":"Ein kooperatives Literaturcaf\u00e9 er\u00f6ffnet neue Lesewelten"},"content":{"rendered":"<p>&nbsp;<\/p>\n<p class=\"MsoNormal\" style=\"margin: 0cm 0cm 0pt;\"><span style=\"font-family: 'Arial','sans-serif';\"><strong><span style=\"font-size: medium;\"><span style=\"color: #000000;\">Kaba, Kunst und Kinderbuch \u2013 ein kooperatives Literaturcaf\u00e9 er\u00f6ffnet neue Welten<\/span><\/span><\/strong><\/span><\/p>\n<p>&nbsp;<\/p>\n<p class=\"MsoNormal\" style=\"margin: 0cm 0cm 0pt; text-align: justify;\"><span style=\"font-family: 'Arial','sans-serif';\"><span style=\"font-size: medium;\"><span style=\"color: #000000;\">Seit September 2013 besuchen Sch\u00fclerinnen und Sch\u00fcler der Schellingschule Mittwoch vormittags das Literaturcaf\u00e9 der Pestalozzischule.<br \/>\n<\/span><\/span><\/span><\/p>\n<p class=\"MsoNormal\" style=\"margin: 0cm 0cm 0pt; text-align: justify;\"><span style=\"font-family: 'Arial','sans-serif';\"><span style=\"font-size: medium;\"><span style=\"color: #000000;\">Die Sch\u00fcler der Grundstufe entdecken dort in einer sch\u00f6nen Atmosph\u00e4re die Welt der B\u00fccher: bei Kuchen und Kakao werden Geschichten gelesen, gespielt und kreativ umgesetzt; es wird gereimt, gebastelt, gemalt und nicht zuletzt gereist: in eine Welt, in der noch Drachen leben, Hexen zaubern und Tiere sprechen.<br \/>\n<\/span><\/span><\/span><\/p>\n<p class=\"MsoNormal\" style=\"margin: 0cm 0cm 0pt; text-align: justify;\"><span style=\"font-family: 'Arial','sans-serif';\"><span style=\"font-size: medium;\"><span style=\"color: #000000;\">Im Dezember d\u00fcrfen wir sogar einen Geschichtenerz\u00e4hler bei uns begr\u00fc\u00dfen, darauf freuen wir uns schon!<br \/>\n<\/span><\/span><\/span><\/p>\n<p class=\"MsoNormal\" style=\"margin: 0cm 0cm 0pt; text-align: justify;\"><span style=\"font-family: 'Arial','sans-serif';\"><span style=\"font-size: medium;\"><span style=\"color: #000000;\">Ansprechpartnerin des Projekts ist Sandra Kleinfelder, Referendarin der Pestalozzischule Leonberg.<br \/>\n<a href=\"http:\/\/www.schellingschule.de\/wp-content\/uploads\/2013\/11\/kaba-1.jpg\"><img loading=\"lazy\" decoding=\"async\" class=\"alignnone size-full wp-image-2620\" alt=\"kaba 1\" src=\"http:\/\/www.schellingschule.de\/wp-content\/uploads\/2013\/11\/kaba-1.jpg\" width=\"3264\" height=\"1840\" srcset=\"https:\/\/www.schellingschule.de\/wp-content\/uploads\/2013\/11\/kaba-1.jpg 3264w, https:\/\/www.schellingschule.de\/wp-content\/uploads\/2013\/11\/kaba-1-300x169.jpg 300w, https:\/\/www.schellingschule.de\/wp-content\/uploads\/2013\/11\/kaba-1-1024x577.jpg 1024w, https:\/\/www.schellingschule.de\/wp-content\/uploads\/2013\/11\/kaba-1-500x281.jpg 500w\" sizes=\"auto, (max-width: 3264px) 100vw, 3264px\" \/><\/a><\/span><\/span><\/span><\/p>\n<p>&nbsp;<\/p>\n<p class=\"MsoNormal\" style=\"margin: 0cm 0cm 0pt; text-align: justify;\"><span style=\"font-family: 'Arial','sans-serif';\"><span style=\"color: #000000; font-family: Arial; font-size: medium;\">\u00a0<\/span><\/span><\/p>\n<p>&nbsp;<\/p>\n<p class=\"MsoNormal\" style=\"margin: 0cm 0cm 0pt;\"><span style=\"color: #000000; font-family: Times New Roman; font-size: medium;\">\u00a0<\/span><\/p>\n<p>&nbsp;<\/p>\n","protected":false},"excerpt":{"rendered":"<p>&nbsp; Kaba, Kunst und Kinderbuch \u2013 ein kooperatives Literaturcaf\u00e9 er\u00f6ffnet neue Welten &nbsp; Seit September 2013 besuchen Sch\u00fclerinnen und Sch\u00fcler der Schellingschule Mittwoch vormittags das Literaturcaf\u00e9 der Pestalozzischule. Die Sch\u00fcler der Grundstufe entdecken dort in einer sch\u00f6nen Atmosph\u00e4re die Welt &hellip; <a href=\"https:\/\/www.schellingschule.de\/?page_id=2617\">Weiterlesen <span class=\"meta-nav\">&rarr;<\/span><\/a><\/p>\n","protected":false},"author":1,"featured_media":0,"parent":0,"menu_order":0,"comment_status":"closed","ping_status":"open","template":"sidebar-page.php","meta":{"footnotes":""},"class_list":["post-2617","page","type-page","status-publish","hentry"],"_links":{"self":[{"href":"https:\/\/www.schellingschule.de\/index.php?rest_route=\/wp\/v2\/pages\/2617","targetHints":{"allow":["GET"]}}],"collection":[{"href":"https:\/\/www.schellingschule.de\/index.php?rest_route=\/wp\/v2\/pages"}],"about":[{"href":"https:\/\/www.schellingschule.de\/index.php?rest_route=\/wp\/v2\/types\/page"}],"author":[{"embeddable":true,"href":"https:\/\/www.schellingschule.de\/index.php?rest_route=\/wp\/v2\/users\/1"}],"replies":[{"embeddable":true,"href":"https:\/\/www.schellingschule.de\/index.php?rest_route=%2Fwp%2Fv2%2Fcomments&post=2617"}],"version-history":[{"count":3,"href":"https:\/\/www.schellingschule.de\/index.php?rest_route=\/wp\/v2\/pages\/2617\/revisions"}],"predecessor-version":[{"id":2622,"href":"https:\/\/www.schellingschule.de\/index.php?rest_route=\/wp\/v2\/pages\/2617\/revisions\/2622"}],"wp:attachment":[{"href":"https:\/\/www.schellingschule.de\/index.php?rest_route=%2Fwp%2Fv2%2Fmedia&parent=2617"}],"curies":[{"name":"wp","href":"https:\/\/api.w.org\/{rel}","templated":true}]}}