{"id":2565,"date":"2013-11-10T19:36:40","date_gmt":"2013-11-10T17:36:40","guid":{"rendered":"http:\/\/www.schellingschule.de\/?page_id=2565"},"modified":"2013-11-11T15:16:33","modified_gmt":"2013-11-11T13:16:33","slug":"2565-2","status":"publish","type":"page","link":"https:\/\/www.schellingschule.de\/?page_id=2565","title":{"rendered":"Wie man aus Lavendelbl\u00fcten Parf\u00fcm herstellt"},"content":{"rendered":"<p>&nbsp;<\/p>\n<p class=\"MsoNormal\" style=\"margin: 0cm 0cm 10pt; text-align: center;\" align=\"center\"><span style=\"text-decoration: underline;\"><span style=\"font-family: 'Arial','sans-serif';\"><strong><span style=\"font-size: medium;\"><span style=\"color: #000000;\">Wie man aus Lavendelbl\u00fcten Parf\u00fcm herstellt,\u2026<\/span><\/span><\/strong><\/span><\/span><\/p>\n<p class=\"MsoNormal\" style=\"margin: 0cm 0cm 10pt; text-align: justify;\"><span style=\"font-family: 'Arial','sans-serif';\"><br \/>\n<span style=\"color: #000000; font-size: medium;\"> \u2026dieser Frage gingen die Drittkl\u00e4ssler am letzten Montagnachmittag auf die Spur, als Frau Capudi mit dem Fehling- Mobil der Universit\u00e4t Vaihingen die Schellingschule besuchte.<br \/>\n<\/span><span style=\"color: #000000; font-size: medium;\"> Zun\u00e4chst kl\u00e4rte Frau Capudi mit den Kindern die wichtigsten Begriffe und Regeln, um erfolgreich und auch sicher experimentieren zu k\u00f6nnen, anschlie\u00dfend wurden die Sch\u00fcler selbst zu kleinen Forschern und durften (nat\u00fcrlich mit<\/span><span style=\"font-family: Arial;\"><span style=\"mso-spacerun: yes;\"><span style=\"color: #000000; font-size: medium;\">\u00a0 <\/span><\/span><span style=\"font-size: medium;\"><span style=\"color: #000000;\">Schutzbrillen auf den neugierigen Nasen!) ihren Experimentier-Arbeitsplatz aufbauen.<\/span><\/span><\/span><\/span><\/p>\n<p class=\"MsoNormal\" style=\"margin: 0cm 0cm 10pt;\"><span style=\"font-family: 'Arial','sans-serif';\"><a href=\"http:\/\/www.schellingschule.de\/wp-content\/uploads\/2013\/11\/Fehling-3.jpg\"><img loading=\"lazy\" decoding=\"async\" class=\"alignnone size-full wp-image-2570\" alt=\"Fehling 3\" src=\"http:\/\/www.schellingschule.de\/wp-content\/uploads\/2013\/11\/Fehling-3.jpg\" width=\"4320\" height=\"3240\" srcset=\"https:\/\/www.schellingschule.de\/wp-content\/uploads\/2013\/11\/Fehling-3.jpg 4320w, https:\/\/www.schellingschule.de\/wp-content\/uploads\/2013\/11\/Fehling-3-300x225.jpg 300w, https:\/\/www.schellingschule.de\/wp-content\/uploads\/2013\/11\/Fehling-3-1024x768.jpg 1024w, https:\/\/www.schellingschule.de\/wp-content\/uploads\/2013\/11\/Fehling-3-400x300.jpg 400w\" sizes=\"auto, (max-width: 4320px) 100vw, 4320px\" \/><\/a><br \/>\n<span style=\"color: #000000; font-size: medium;\"> Die Spannung stieg dann, als die Lavendelbl\u00fcten mit erheblichem Krafteinsatz im M\u00f6rser mit dem Pistill kleingem\u00f6rsert wurden.<br \/>\n<a href=\"http:\/\/www.schellingschule.de\/wp-content\/uploads\/2013\/11\/Fehling-1.jpg\"><img loading=\"lazy\" decoding=\"async\" class=\"wp-image-2572 alignright\" alt=\"Fehling 1\" src=\"http:\/\/www.schellingschule.de\/wp-content\/uploads\/2013\/11\/Fehling-1.jpg\" width=\"336\" height=\"252\" srcset=\"https:\/\/www.schellingschule.de\/wp-content\/uploads\/2013\/11\/Fehling-1.jpg 4320w, https:\/\/www.schellingschule.de\/wp-content\/uploads\/2013\/11\/Fehling-1-300x225.jpg 300w, https:\/\/www.schellingschule.de\/wp-content\/uploads\/2013\/11\/Fehling-1-1024x768.jpg 1024w, https:\/\/www.schellingschule.de\/wp-content\/uploads\/2013\/11\/Fehling-1-400x300.jpg 400w\" sizes=\"auto, (max-width: 336px) 100vw, 336px\" \/><\/a><br \/>\nNun ging es an das richtige Abmessen des Alkohols im Standzylinder: auch hier stellte der eine oder andere fest, dass es gar nicht so einfach ist, exakt zehn Milliliter der Fl\u00fcssigkeit abzumessen\u2026<br \/>\n<a href=\"http:\/\/www.schellingschule.de\/wp-content\/uploads\/2013\/11\/Fehling-4-e1384106890965.jpg\"><img loading=\"lazy\" decoding=\"async\" class=\"wp-image-2571 alignleft\" alt=\"Fehling 4\" src=\"http:\/\/www.schellingschule.de\/wp-content\/uploads\/2013\/11\/Fehling-4-e1384106890965.jpg\" width=\"420\" height=\"560\" srcset=\"https:\/\/www.schellingschule.de\/wp-content\/uploads\/2013\/11\/Fehling-4-e1384106890965.jpg 3240w, https:\/\/www.schellingschule.de\/wp-content\/uploads\/2013\/11\/Fehling-4-e1384106890965-225x300.jpg 225w, https:\/\/www.schellingschule.de\/wp-content\/uploads\/2013\/11\/Fehling-4-e1384106890965-768x1024.jpg 768w\" sizes=\"auto, (max-width: 420px) 100vw, 420px\" \/><\/a><br \/>\n<\/span><span style=\"color: #000000; font-size: medium;\"> Aufgeregt wurde nun in einem feierlichen Akt der Alkohol zu den gem\u00f6rserten Bl\u00fcten gesch\u00fcttet und gr\u00fcndlich mit ihnen vermischt. Endlich durften die Drittkl\u00e4ssler ihre Mischung mit Hilfe eines Trichters (mit Filter) in ein Reagenzglas\u00a0f\u00fcllen.<br \/>\n<\/span><span style=\"font-size: medium;\"><span style=\"color: #000000;\"> Jetzt hie\u00df es: \u201eAugen auf, abwarten und geduldig beobachten&#8230;\u201c<br \/>\n<\/span><\/span><\/span><\/p>\n<p class=\"MsoNormal\" style=\"margin: 0cm 0cm 10pt; text-align: justify;\"><span style=\"font-family: 'Arial','sans-serif';\"><span style=\"color: #000000; font-size: medium;\">Mit gro\u00dfem Jubel <\/span><span style=\"font-family: Arial;\"><span style=\"mso-spacerun: yes;\"><span style=\"color: #000000; font-size: medium;\">\u00a0<\/span><\/span><span style=\"color: #000000; font-size: medium;\">wurden dann die ersten Tropfen des eigenen Lavendelparf\u00fcms empfangen &#8211; vorsichtig, damit ja kein Tropfen verloren geht, wurde das Parf\u00fcm aus dem Reagenzglas in\u00a0kleine Flakons gef\u00fcllt und nat\u00fcrlich auch gleich ausprobiert \u2013 ein bet\u00f6render Duft stieg uns in die Nase!<br \/>\n<\/span><span style=\"font-size: medium;\"><span style=\"color: #000000;\"> Stolz nahmen alle Sch\u00fcler ihr eigenes Lavendelparf\u00fcm mit nach Hause. <\/span><\/span><\/span><\/span><\/p>\n<p class=\"MsoNormal\" style=\"margin: 0cm 0cm 10pt; text-align: justify;\"><span style=\"font-family: 'Arial','sans-serif';\"><a href=\"http:\/\/www.schellingschule.de\/wp-content\/uploads\/2013\/11\/Fehling-2-e1384107297304.jpg\"><img loading=\"lazy\" decoding=\"async\" class=\" wp-image-2573 aligncenter\" alt=\"Fehling 2\" src=\"http:\/\/www.schellingschule.de\/wp-content\/uploads\/2013\/11\/Fehling-2-e1384107297304.jpg\" width=\"252\" height=\"336\" srcset=\"https:\/\/www.schellingschule.de\/wp-content\/uploads\/2013\/11\/Fehling-2-e1384107297304.jpg 3240w, https:\/\/www.schellingschule.de\/wp-content\/uploads\/2013\/11\/Fehling-2-e1384107297304-225x300.jpg 225w, https:\/\/www.schellingschule.de\/wp-content\/uploads\/2013\/11\/Fehling-2-e1384107297304-768x1024.jpg 768w\" sizes=\"auto, (max-width: 252px) 100vw, 252px\" \/><\/a><br \/>\n<span style=\"color: #000000; font-size: medium;\"> Am n\u00e4chsten Schultag dann hatte die Klassenlehrerin Frau Petsche das Vergn\u00fcgen, in einem ebenfalls wohlriechenden Klassenzimmer nach Lavendelparf\u00fcm duftende Kinder zu unterrichten!<br style=\"mso-special-character: line-break;\" \/><\/span><span style=\"color: #000000; font-size: medium;\"> <!--[if !supportLineBreakNewLine]--><br style=\"mso-special-character: line-break;\" \/><\/span><span style=\"font-size: medium;\"><span style=\"color: #000000;\"> <!--[endif]--><\/span><\/span><\/span><\/p>\n<p>&nbsp;<\/p>\n<p class=\"MsoNormal\" style=\"margin: 0cm 0cm 10pt;\"><span style=\"font-family: 'Arial','sans-serif';\"><span style=\"color: #000000; font-family: Arial; font-size: medium;\">\u00a0<\/span><\/span><\/p>\n<p>&nbsp;<\/p>\n","protected":false},"excerpt":{"rendered":"<p>&nbsp; Wie man aus Lavendelbl\u00fcten Parf\u00fcm herstellt,\u2026 \u2026dieser Frage gingen die Drittkl\u00e4ssler am letzten Montagnachmittag auf die Spur, als Frau Capudi mit dem Fehling- Mobil der Universit\u00e4t Vaihingen die Schellingschule besuchte. Zun\u00e4chst kl\u00e4rte Frau Capudi mit den Kindern die wichtigsten &hellip; <a href=\"https:\/\/www.schellingschule.de\/?page_id=2565\">Weiterlesen <span class=\"meta-nav\">&rarr;<\/span><\/a><\/p>\n","protected":false},"author":1,"featured_media":0,"parent":0,"menu_order":0,"comment_status":"closed","ping_status":"open","template":"sidebar-page.php","meta":{"footnotes":""},"class_list":["post-2565","page","type-page","status-publish","hentry"],"_links":{"self":[{"href":"https:\/\/www.schellingschule.de\/index.php?rest_route=\/wp\/v2\/pages\/2565","targetHints":{"allow":["GET"]}}],"collection":[{"href":"https:\/\/www.schellingschule.de\/index.php?rest_route=\/wp\/v2\/pages"}],"about":[{"href":"https:\/\/www.schellingschule.de\/index.php?rest_route=\/wp\/v2\/types\/page"}],"author":[{"embeddable":true,"href":"https:\/\/www.schellingschule.de\/index.php?rest_route=\/wp\/v2\/users\/1"}],"replies":[{"embeddable":true,"href":"https:\/\/www.schellingschule.de\/index.php?rest_route=%2Fwp%2Fv2%2Fcomments&post=2565"}],"version-history":[{"count":13,"href":"https:\/\/www.schellingschule.de\/index.php?rest_route=\/wp\/v2\/pages\/2565\/revisions"}],"predecessor-version":[{"id":2585,"href":"https:\/\/www.schellingschule.de\/index.php?rest_route=\/wp\/v2\/pages\/2565\/revisions\/2585"}],"wp:attachment":[{"href":"https:\/\/www.schellingschule.de\/index.php?rest_route=%2Fwp%2Fv2%2Fmedia&parent=2565"}],"curies":[{"name":"wp","href":"https:\/\/api.w.org\/{rel}","templated":true}]}}