{"id":2069,"date":"2013-07-05T20:13:51","date_gmt":"2013-07-05T18:13:51","guid":{"rendered":"http:\/\/www.schellingschule.de\/?page_id=2069"},"modified":"2013-07-13T09:56:08","modified_gmt":"2013-07-13T07:56:08","slug":"die-bundesjugendspiele-der-grundschule","status":"publish","type":"page","link":"https:\/\/www.schellingschule.de\/?page_id=2069","title":{"rendered":"Die Bundesjugendspiele der Grundschule 2013"},"content":{"rendered":"<p style=\"text-align: center;\">Die Bundesjugendspiele der Grundschule 2013<\/p>\n<p style=\"text-align: justify;\">Am 4. Juli fanden bei zun\u00e4chst widrigen Wetterbedingungen mit Nieselregen, die sich aber gl\u00fccklicherweise bald in ideales Sport- Wetter wandelten, die Bundesjugendspiele der Grundschule 2013 statt.<br \/>\nBegonnen wurde traditionell mit dem Ausdauerlauf \u00fcber 1000m bei den Jungen und 800m bei den M\u00e4dchen. Ersch\u00f6pft, aber stolz \u00fcberquerten alle Sch\u00fclerinnen und Sch\u00fcler die Ziellinie, dabei gab es beeindruckende Leistungen:<\/p>\n<p><strong>Tobias Rick<\/strong> aus der Eingangsstufe legte eine hervorragende Zeit von 4.05 min. hin, die aber sogar noch von <strong>Alexander W\u00fcnning<\/strong> aus der Klasse 3a mit 3.53 min. getoppt wurde!<br \/>\nBei den M\u00e4dchen war <strong>Maxi Dempf<\/strong> aus der 4a mit einer Zeit von 3.12 min die Schnellste.<\/p>\n<p style=\"text-align: justify;\">Weiter ging es dann mit den Disziplinen Sprint, Wurf und Sprung:<br \/>\nBeim Wurf des Schlagballs (80g) fielen besonders <strong>Fynn Winterfeld<\/strong> aus der Klasse 4b und <strong>Anita Thaqi<\/strong> aus der 3a mit Weiten von 37m bzw. 23,50m auf.<\/p>\n<p>Beim Sprung gelang <strong>Fabio Nepitella<\/strong> aus der 4b mit 3,60m ein Traumsprung, bei den M\u00e4dchen erzielte <strong>Johanna Rick<\/strong> aus der Klasse 3b mit 3,33m ebenfalls eine hervorragende Weite!<\/p>\n<p>Und auch beim\u00a050m- Sprint gab es tolle Leistungen, dabei waren <strong>Silas Funk<\/strong> (3b), <strong>Elvin Fetaji<\/strong> (4a), <strong>Fabio Nepitella<\/strong> (4b), <strong>Amy Lauterbach<\/strong> (4a), <strong>Vera Riethof<\/strong> (ebenfalls 4a) und <strong>Kassia Funk<\/strong> (4b) mit einer sehr schnellen Zeit von jeweils 8,8 Sekunden die schnellsten Kinder.<br \/>\nSomit ist es kein Wunder, dass am Ende des Tages einige Kinder mit einer Ehrenurkunde belohnt wurden!<br \/>\n<a href=\"http:\/\/www.schellingschule.de\/wp-content\/uploads\/2013\/07\/Ehrenurkunde.jpg\"><img loading=\"lazy\" decoding=\"async\" class=\"alignnone size-full wp-image-2085\" alt=\"Ehrenurkunde\" src=\"http:\/\/www.schellingschule.de\/wp-content\/uploads\/2013\/07\/Ehrenurkunde.jpg\" width=\"3072\" height=\"2304\" srcset=\"https:\/\/www.schellingschule.de\/wp-content\/uploads\/2013\/07\/Ehrenurkunde.jpg 3072w, https:\/\/www.schellingschule.de\/wp-content\/uploads\/2013\/07\/Ehrenurkunde-300x225.jpg 300w, https:\/\/www.schellingschule.de\/wp-content\/uploads\/2013\/07\/Ehrenurkunde-1024x768.jpg 1024w, https:\/\/www.schellingschule.de\/wp-content\/uploads\/2013\/07\/Ehrenurkunde-400x300.jpg 400w\" sizes=\"auto, (max-width: 3072px) 100vw, 3072px\" \/><\/a><\/p>\n<p>Insgesamt war es ein sehr gelungener Tag mit beeindruckenden sportlichen Leistungen und wir freuen uns schon auf das n\u00e4chste Jahr!<\/p>\n","protected":false},"excerpt":{"rendered":"<p>Die Bundesjugendspiele der Grundschule 2013 Am 4. Juli fanden bei zun\u00e4chst widrigen Wetterbedingungen mit Nieselregen, die sich aber gl\u00fccklicherweise bald in ideales Sport- Wetter wandelten, die Bundesjugendspiele der Grundschule 2013 statt. Begonnen wurde traditionell mit dem Ausdauerlauf \u00fcber 1000m bei &hellip; <a href=\"https:\/\/www.schellingschule.de\/?page_id=2069\">Weiterlesen <span class=\"meta-nav\">&rarr;<\/span><\/a><\/p>\n","protected":false},"author":1,"featured_media":0,"parent":0,"menu_order":0,"comment_status":"closed","ping_status":"open","template":"sidebar-page.php","meta":{"footnotes":""},"class_list":["post-2069","page","type-page","status-publish","hentry"],"_links":{"self":[{"href":"https:\/\/www.schellingschule.de\/index.php?rest_route=\/wp\/v2\/pages\/2069","targetHints":{"allow":["GET"]}}],"collection":[{"href":"https:\/\/www.schellingschule.de\/index.php?rest_route=\/wp\/v2\/pages"}],"about":[{"href":"https:\/\/www.schellingschule.de\/index.php?rest_route=\/wp\/v2\/types\/page"}],"author":[{"embeddable":true,"href":"https:\/\/www.schellingschule.de\/index.php?rest_route=\/wp\/v2\/users\/1"}],"replies":[{"embeddable":true,"href":"https:\/\/www.schellingschule.de\/index.php?rest_route=%2Fwp%2Fv2%2Fcomments&post=2069"}],"version-history":[{"count":6,"href":"https:\/\/www.schellingschule.de\/index.php?rest_route=\/wp\/v2\/pages\/2069\/revisions"}],"predecessor-version":[{"id":2086,"href":"https:\/\/www.schellingschule.de\/index.php?rest_route=\/wp\/v2\/pages\/2069\/revisions\/2086"}],"wp:attachment":[{"href":"https:\/\/www.schellingschule.de\/index.php?rest_route=%2Fwp%2Fv2%2Fmedia&parent=2069"}],"curies":[{"name":"wp","href":"https:\/\/api.w.org\/{rel}","templated":true}]}}