{"id":2,"date":"2012-12-02T18:49:48","date_gmt":"2012-12-02T18:49:48","guid":{"rendered":"http:\/\/www.textwerkstatt.de\/wp\/?page_id=2"},"modified":"2025-09-05T15:12:24","modified_gmt":"2025-09-05T13:12:24","slug":"beispiel-seite","status":"publish","type":"page","link":"https:\/\/www.schellingschule.de\/","title":{"rendered":""},"content":{"rendered":"<h4 style=\"text-align: center; font-size: 25px;\"><strong>Herzlich willkommen an der Schellingschule Leonberg!<\/strong><\/h4>\n<p><img loading=\"lazy\" decoding=\"async\" class=\"size-medium wp-image-9333 aligncenter\" src=\"https:\/\/www.schellingschule.de\/wp-content\/uploads\/2022\/06\/IMG-20220430-WA0027_MEDIUM-1-300x261.jpg\" alt=\"\" width=\"300\" height=\"261\" srcset=\"https:\/\/www.schellingschule.de\/wp-content\/uploads\/2022\/06\/IMG-20220430-WA0027_MEDIUM-1-300x261.jpg 300w, https:\/\/www.schellingschule.de\/wp-content\/uploads\/2022\/06\/IMG-20220430-WA0027_MEDIUM-1-1024x891.jpg 1024w, https:\/\/www.schellingschule.de\/wp-content\/uploads\/2022\/06\/IMG-20220430-WA0027_MEDIUM-1-768x668.jpg 768w, https:\/\/www.schellingschule.de\/wp-content\/uploads\/2022\/06\/IMG-20220430-WA0027_MEDIUM-1-345x300.jpg 345w, https:\/\/www.schellingschule.de\/wp-content\/uploads\/2022\/06\/IMG-20220430-WA0027_MEDIUM-1.jpg 1432w\" sizes=\"auto, (max-width: 300px) 100vw, 300px\" \/><b style=\"color: #ff0000;\"><\/b><\/p>\n<h1 style=\"text-align: left;\"><!--more--><\/h1>\n<h4 style=\"text-align: left;\">\u00a0<\/h4>\n<p style=\"text-align: left;\">\u00a0<\/p>\n<h1 style=\"text-align: center;\"><span style=\"color: #000000;\"><a style=\"color: #000000;\" href=\"https:\/\/www.schellingschule.de\/?p=9871\">Wir nehmen teil an<\/a><\/span><\/h1>\n<h1 style=\"text-align: center;\">\u00a0<a href=\"https:\/\/www.schellingschule.de\/?p=9871\"><img loading=\"lazy\" decoding=\"async\" class=\"aligncenter\" src=\"https:\/\/www.moerikeschule-leonberg.de\/fileadmin\/_processed_\/0\/6\/csm_BISS_LOGO_80d33c99e5.jpg\" alt=\"\" width=\"278\" height=\"111\" \/><\/a><\/h1>\n<h1 style=\"text-align: center;\"><a href=\"https:\/\/www.schellingschule.de\/?p=9871\"><span style=\"color: #000000;\">erfahren Sie mehr!<\/span><\/a><\/h1>\n<hr \/>\n<h2 style=\"text-align: center;\"><strong><span style=\"color: #000000;\"><br \/>Entdecken Sie die Schellingschule Leonberg: <\/span><\/strong><\/h2>\n<p style=\"text-align: center;\"><span style=\"color: #000000;\">Wir laden Sie herzlich ein unsere Schule in einer <strong>digitalen Pr\u00e4sentation<\/strong> kennenzulernen!<\/span><\/p>\n<div style=\"width: 584px;\" class=\"wp-video\"><!--[if lt IE 9]><script>document.createElement('video');<\/script><![endif]-->\n<video class=\"wp-video-shortcode\" id=\"video-2-1\" width=\"584\" height=\"329\" preload=\"metadata\" controls=\"controls\"><source type=\"video\/mp4\" src=\"https:\/\/www.schellingschule.de\/wp-content\/uploads\/2021\/02\/Praesentation-Infoabend-zukuenftige-Erstklaessler-Online-2.m4v?_=1\" \/><a href=\"https:\/\/www.schellingschule.de\/wp-content\/uploads\/2021\/02\/Praesentation-Infoabend-zukuenftige-Erstklaessler-Online-2.m4v\">https:\/\/www.schellingschule.de\/wp-content\/uploads\/2021\/02\/Praesentation-Infoabend-zukuenftige-Erstklaessler-Online-2.m4v<\/a><\/video><\/div>\n<p style=\"text-align: center;\"><span style=\"color: #000000;\"><br \/>Dar\u00fcber hinaus finden Sie Informationen zu unseren <a href=\"https:\/\/www.schellingschule.de\/wp-content\/uploads\/2024\/09\/Schellingschule-Heft-2425.pdf\"><strong><span style=\"color: #0000ff;\">Ganztags-Angeboten<\/span><\/strong><\/a>. Ebenso k\u00f6nnen Sie unsere <a href=\"https:\/\/www.schellingschule.de\/?page_id=2991\"><strong><span style=\"color: #0000ff;\">Schulkindbetreuung<\/span><\/strong><\/a> n\u00e4her kennenlernen, wie auch die vielf\u00e4ltigen Angebote zur Verpflegung Ihres Kindes <span style=\"color: #0000ff;\"><span style=\"color: #000000;\">durch<\/span><a style=\"color: #0000ff;\" href=\"https:\/\/www.schellingschule.de\/wp-content\/uploads\/2023\/10\/MensaMax-Infobrief-BB124-Schellingschule.pdf\"><strong> MensaMax (Klasse 1, 2)<\/strong><\/a><\/span> \/ <a href=\"https:\/\/www.schellingschule.de\/wp-content\/uploads\/2023\/10\/MensaMax-Infobrief-BB2544-Triangel.pdf\"><strong><span style=\"color: #0000ff;\">MensaMax in der Triangel (Klasse 3, 4)<\/span><\/strong><\/a> im Rahmen des Ganztags.<br \/>Wir w\u00fcnschen Ihnen viel Spa\u00df beim digitalen Erkunden der Schellingschule und hoffen, dass Sie vielf\u00e4ltige und interessante Eindr\u00fccke gewinnen k\u00f6nnen!<br \/>Ihr Team der Schellingschule Leonberg<\/span><\/p>\n<p style=\"text-align: center;\"><img decoding=\"async\" class=\"aligncenter\" src=\"\/wp-content\/uploads\/2013\/12\/Schelling.png\" align=\"middle\" \/><a href=\"https:\/\/www.schellingschule.de\/?page_id=288\">1. Aller Anfang\u2026<\/a><\/p>\n<table style=\"height: 945px;\" width=\"748\">\n<tbody>\n<tr>\n<td><a href=\"https:\/\/www.schellingschule.de\/wp-content\/uploads\/2021\/09\/IMG_2206-scaled.jpg\"><img loading=\"lazy\" decoding=\"async\" class=\"alignnone  wp-image-9021\" src=\"https:\/\/www.schellingschule.de\/wp-content\/uploads\/2021\/09\/IMG_2206-225x300.jpg\" alt=\"\" width=\"194\" height=\"259\" srcset=\"https:\/\/www.schellingschule.de\/wp-content\/uploads\/2021\/09\/IMG_2206-225x300.jpg 225w, https:\/\/www.schellingschule.de\/wp-content\/uploads\/2021\/09\/IMG_2206-768x1024.jpg 768w, https:\/\/www.schellingschule.de\/wp-content\/uploads\/2021\/09\/IMG_2206-1152x1536.jpg 1152w, https:\/\/www.schellingschule.de\/wp-content\/uploads\/2021\/09\/IMG_2206-1536x2048.jpg 1536w, https:\/\/www.schellingschule.de\/wp-content\/uploads\/2021\/09\/IMG_2206-scaled.jpg 1920w\" sizes=\"auto, (max-width: 194px) 100vw, 194px\" \/><\/a><br \/>Ihre Kinder werden in der gesamten Grundschule auf Wunsch ganzt\u00e4gig betreut.\n<p><a href=\"https:\/\/www.schellingschule.de\/?page_id=2991\">Weitere Informationen finden Sie hier<\/a><\/p>\n<\/td>\n<td><a href=\"https:\/\/www.schellingschule.de\/wp-content\/uploads\/2021\/09\/Judo.jpg\"><img loading=\"lazy\" decoding=\"async\" class=\"alignnone size-medium wp-image-8998\" src=\"https:\/\/www.schellingschule.de\/wp-content\/uploads\/2021\/09\/Judo-300x225.jpg\" alt=\"\" width=\"300\" height=\"225\" srcset=\"https:\/\/www.schellingschule.de\/wp-content\/uploads\/2021\/09\/Judo-300x225.jpg 300w, https:\/\/www.schellingschule.de\/wp-content\/uploads\/2021\/09\/Judo-1024x769.jpg 1024w, https:\/\/www.schellingschule.de\/wp-content\/uploads\/2021\/09\/Judo-768x577.jpg 768w, https:\/\/www.schellingschule.de\/wp-content\/uploads\/2021\/09\/Judo-400x300.jpg 400w, https:\/\/www.schellingschule.de\/wp-content\/uploads\/2021\/09\/Judo.jpg 1384w\" sizes=\"auto, (max-width: 300px) 100vw, 300px\" \/><\/a><br \/>Bei unseren Nachmittagsangeboten bieten wir eine vielf\u00e4ltige Auswahl!<\/td>\n<\/tr>\n<tr>\n<td><a href=\"https:\/\/www.schellingschule.de\/wp-content\/uploads\/2021\/09\/IMG_2203-scaled.jpg\"><img loading=\"lazy\" decoding=\"async\" class=\"alignnone  wp-image-9023\" src=\"https:\/\/www.schellingschule.de\/wp-content\/uploads\/2021\/09\/IMG_2203-225x300.jpg\" alt=\"\" width=\"201\" height=\"268\" srcset=\"https:\/\/www.schellingschule.de\/wp-content\/uploads\/2021\/09\/IMG_2203-225x300.jpg 225w, https:\/\/www.schellingschule.de\/wp-content\/uploads\/2021\/09\/IMG_2203-768x1024.jpg 768w, https:\/\/www.schellingschule.de\/wp-content\/uploads\/2021\/09\/IMG_2203-1152x1536.jpg 1152w, https:\/\/www.schellingschule.de\/wp-content\/uploads\/2021\/09\/IMG_2203-1536x2048.jpg 1536w, https:\/\/www.schellingschule.de\/wp-content\/uploads\/2021\/09\/IMG_2203-scaled.jpg 1920w\" sizes=\"auto, (max-width: 201px) 100vw, 201px\" \/><\/a>\n<p><span style=\"font-size: inherit; font-family: inherit;\">Wir bieten von Montag bis Freitag ein gesundes Mittagessen an!<\/span><\/p>\n<p><a style=\"font-size: inherit; font-family: inherit;\" href=\"\/?page_id=34\">Weitere Informationen finden Sie <\/a><a style=\"font-size: inherit; font-family: inherit;\" href=\"\/?page_id=34\">hier<\/a><\/p>\n<\/td>\n<td style=\"text-align: left;\"><a href=\"https:\/\/www.schellingschule.de\/wp-content\/uploads\/2021\/09\/hula-scaled.jpg\"><img loading=\"lazy\" decoding=\"async\" class=\"alignnone  wp-image-8997\" src=\"https:\/\/www.schellingschule.de\/wp-content\/uploads\/2021\/09\/hula-300x219.jpg\" alt=\"\" width=\"290\" height=\"212\" srcset=\"https:\/\/www.schellingschule.de\/wp-content\/uploads\/2021\/09\/hula-300x219.jpg 300w, https:\/\/www.schellingschule.de\/wp-content\/uploads\/2021\/09\/hula-1024x747.jpg 1024w, https:\/\/www.schellingschule.de\/wp-content\/uploads\/2021\/09\/hula-768x561.jpg 768w, https:\/\/www.schellingschule.de\/wp-content\/uploads\/2021\/09\/hula-1536x1121.jpg 1536w, https:\/\/www.schellingschule.de\/wp-content\/uploads\/2021\/09\/hula-2048x1495.jpg 2048w, https:\/\/www.schellingschule.de\/wp-content\/uploads\/2021\/09\/hula-411x300.jpg 411w\" sizes=\"auto, (max-width: 290px) 100vw, 290px\" \/><\/a><br \/>Sport und Bewegung geh\u00f6ren integral zu unserem p\u00e4dagogischen Konzept!<\/td>\n<\/tr>\n<tr>\n<td>\u00a0<\/td>\n<\/tr>\n<\/tbody>\n<\/table>\n\n\n\n\n\n\n\n\n<p><\/p>\n","protected":false},"excerpt":{"rendered":"<p>Herzlich willkommen an der Schellingschule Leonberg!<\/p>\n","protected":false},"author":1,"featured_media":0,"parent":0,"menu_order":0,"comment_status":"closed","ping_status":"closed","template":"sidebar-page.php","meta":{"footnotes":""},"class_list":["post-2","page","type-page","status-publish","hentry"],"_links":{"self":[{"href":"https:\/\/www.schellingschule.de\/index.php?rest_route=\/wp\/v2\/pages\/2","targetHints":{"allow":["GET"]}}],"collection":[{"href":"https:\/\/www.schellingschule.de\/index.php?rest_route=\/wp\/v2\/pages"}],"about":[{"href":"https:\/\/www.schellingschule.de\/index.php?rest_route=\/wp\/v2\/types\/page"}],"author":[{"embeddable":true,"href":"https:\/\/www.schellingschule.de\/index.php?rest_route=\/wp\/v2\/users\/1"}],"replies":[{"embeddable":true,"href":"https:\/\/www.schellingschule.de\/index.php?rest_route=%2Fwp%2Fv2%2Fcomments&post=2"}],"version-history":[{"count":587,"href":"https:\/\/www.schellingschule.de\/index.php?rest_route=\/wp\/v2\/pages\/2\/revisions"}],"predecessor-version":[{"id":10652,"href":"https:\/\/www.schellingschule.de\/index.php?rest_route=\/wp\/v2\/pages\/2\/revisions\/10652"}],"wp:attachment":[{"href":"https:\/\/www.schellingschule.de\/index.php?rest_route=%2Fwp%2Fv2%2Fmedia&parent=2"}],"curies":[{"name":"wp","href":"https:\/\/api.w.org\/{rel}","templated":true}]}}