{"id":1248,"date":"2013-02-17T17:55:12","date_gmt":"2013-02-17T15:55:12","guid":{"rendered":"http:\/\/www.schellingschule.de\/?page_id=1248"},"modified":"2013-02-20T11:32:39","modified_gmt":"2013-02-20T09:32:39","slug":"tonraum","status":"publish","type":"page","link":"https:\/\/www.schellingschule.de\/?page_id=1248","title":{"rendered":"Tonraum"},"content":{"rendered":"<p style=\"text-align: justify;\">Im Untergeschoss der Schule befindet sich der Tonraum. Hier k\u00f6nnen die Sch\u00fcler modellieren und Erfahrungen mit diesem Werkstoff sammeln. Der Fachraum ist gut ausgestattet, verf\u00fcgt \u00fcber spezielle Waschbecken und einen Brennofen.<img loading=\"lazy\" decoding=\"async\" class=\"alignleft size-full wp-image-1289\" alt=\"KONICA MINOLTA DIGITAL CAMERA\" src=\"http:\/\/www.schellingschule.de\/wp-content\/uploads\/2013\/02\/PICT0314.jpg\" width=\"2560\" height=\"1920\" srcset=\"https:\/\/www.schellingschule.de\/wp-content\/uploads\/2013\/02\/PICT0314.jpg 2560w, https:\/\/www.schellingschule.de\/wp-content\/uploads\/2013\/02\/PICT0314-300x225.jpg 300w, https:\/\/www.schellingschule.de\/wp-content\/uploads\/2013\/02\/PICT0314-1024x768.jpg 1024w, https:\/\/www.schellingschule.de\/wp-content\/uploads\/2013\/02\/PICT0314-400x300.jpg 400w\" sizes=\"auto, (max-width: 2560px) 100vw, 2560px\" \/><\/p>\n","protected":false},"excerpt":{"rendered":"<p>Im Untergeschoss der Schule befindet sich der Tonraum. Hier k\u00f6nnen die Sch\u00fcler modellieren und Erfahrungen mit diesem Werkstoff sammeln. Der Fachraum ist gut ausgestattet, verf\u00fcgt \u00fcber spezielle Waschbecken und einen Brennofen.<\/p>\n","protected":false},"author":1,"featured_media":0,"parent":0,"menu_order":0,"comment_status":"closed","ping_status":"open","template":"sidebar-page.php","meta":{"footnotes":""},"class_list":["post-1248","page","type-page","status-publish","hentry"],"_links":{"self":[{"href":"https:\/\/www.schellingschule.de\/index.php?rest_route=\/wp\/v2\/pages\/1248","targetHints":{"allow":["GET"]}}],"collection":[{"href":"https:\/\/www.schellingschule.de\/index.php?rest_route=\/wp\/v2\/pages"}],"about":[{"href":"https:\/\/www.schellingschule.de\/index.php?rest_route=\/wp\/v2\/types\/page"}],"author":[{"embeddable":true,"href":"https:\/\/www.schellingschule.de\/index.php?rest_route=\/wp\/v2\/users\/1"}],"replies":[{"embeddable":true,"href":"https:\/\/www.schellingschule.de\/index.php?rest_route=%2Fwp%2Fv2%2Fcomments&post=1248"}],"version-history":[{"count":5,"href":"https:\/\/www.schellingschule.de\/index.php?rest_route=\/wp\/v2\/pages\/1248\/revisions"}],"predecessor-version":[{"id":1291,"href":"https:\/\/www.schellingschule.de\/index.php?rest_route=\/wp\/v2\/pages\/1248\/revisions\/1291"}],"wp:attachment":[{"href":"https:\/\/www.schellingschule.de\/index.php?rest_route=%2Fwp%2Fv2%2Fmedia&parent=1248"}],"curies":[{"name":"wp","href":"https:\/\/api.w.org\/{rel}","templated":true}]}}