{"id":1237,"date":"2013-02-17T17:43:17","date_gmt":"2013-02-17T15:43:17","guid":{"rendered":"http:\/\/www.schellingschule.de\/?page_id=1237"},"modified":"2013-02-24T15:58:52","modified_gmt":"2013-02-24T13:58:52","slug":"computerrum","status":"publish","type":"page","link":"https:\/\/www.schellingschule.de\/?page_id=1237","title":{"rendered":"Computerraum"},"content":{"rendered":"<p style=\"text-align: justify;\">Der Computerraum der Schellingschule befindet sich im Erdgeschoss des Geb\u00e4udes. Hier k\u00f6nnen von den Sch\u00fclerinnen und Sch\u00fclern verschiedenste Aufgaben im Rahmen der informationstechnischen Grundbildung bearbeitet werden.<br \/>\nDie gezielt ausgew\u00e4hlte Lage des Raumes im Parterre unterbindet st\u00f6rende Lichtreflexionen auf den Bildschirmen durch extreme Sonneneinstrahlung.<br \/>\nZudem erm\u00f6glicht die r\u00e4umliche N\u00e4he zum Server-Raum des Schulnetzwerks dem Lehrpersonal ein schnelles technisches Eingreifen.<\/p>\n<p style=\"text-align: justify;\"><img loading=\"lazy\" decoding=\"async\" class=\"alignleft size-full wp-image-1282\" alt=\"KONICA MINOLTA DIGITAL CAMERA\" src=\"http:\/\/www.schellingschule.de\/wp-content\/uploads\/2013\/02\/PICT0316.jpg\" width=\"2560\" height=\"1920\" srcset=\"https:\/\/www.schellingschule.de\/wp-content\/uploads\/2013\/02\/PICT0316.jpg 2560w, https:\/\/www.schellingschule.de\/wp-content\/uploads\/2013\/02\/PICT0316-300x225.jpg 300w, https:\/\/www.schellingschule.de\/wp-content\/uploads\/2013\/02\/PICT0316-1024x768.jpg 1024w, https:\/\/www.schellingschule.de\/wp-content\/uploads\/2013\/02\/PICT0316-400x300.jpg 400w\" sizes=\"auto, (max-width: 2560px) 100vw, 2560px\" \/><br \/>\nDie 16 \u201eWorkstations\u201c (Sch\u00fclerarbeitspl\u00e4tze) sind nach p\u00e4dagogischen Anforderungen hufeisenf\u00f6rmig um einen Lehrerarbeitsplatz gruppiert, sodass von dort aus die Vorg\u00e4nge auf den Bildschirmen stets eingesehen werden k\u00f6nnen.<br \/>\nEine Projektionsoptik (Beamer) mit Leinwand sowie ein Laser-Drucker und Stereo-Lautsprecher sind weitere technische Ausstattungsmerkmale des Raumes.<br \/>\nDas Netzwerk wird mit der standardisierten Software \u201eMusterl\u00f6sung f\u00fcr Schulen in Baden-W\u00fcrttemberg\u201c betrieben, f\u00fcr die auch ein entsprechender Support garantiert ist. Diesem Software-Paket sind zus\u00e4tzliche, unterrichtsspezifische Anwendungen hinzugef\u00fcgt .<\/p>\n","protected":false},"excerpt":{"rendered":"<p>Der Computerraum der Schellingschule befindet sich im Erdgeschoss des Geb\u00e4udes. Hier k\u00f6nnen von den Sch\u00fclerinnen und Sch\u00fclern verschiedenste Aufgaben im Rahmen der informationstechnischen Grundbildung bearbeitet werden. Die gezielt ausgew\u00e4hlte Lage des Raumes im Parterre unterbindet st\u00f6rende Lichtreflexionen auf den Bildschirmen &hellip; <a href=\"https:\/\/www.schellingschule.de\/?page_id=1237\">Weiterlesen <span class=\"meta-nav\">&rarr;<\/span><\/a><\/p>\n","protected":false},"author":1,"featured_media":0,"parent":0,"menu_order":0,"comment_status":"closed","ping_status":"open","template":"sidebar-page.php","meta":{"footnotes":""},"class_list":["post-1237","page","type-page","status-publish","hentry"],"_links":{"self":[{"href":"https:\/\/www.schellingschule.de\/index.php?rest_route=\/wp\/v2\/pages\/1237","targetHints":{"allow":["GET"]}}],"collection":[{"href":"https:\/\/www.schellingschule.de\/index.php?rest_route=\/wp\/v2\/pages"}],"about":[{"href":"https:\/\/www.schellingschule.de\/index.php?rest_route=\/wp\/v2\/types\/page"}],"author":[{"embeddable":true,"href":"https:\/\/www.schellingschule.de\/index.php?rest_route=\/wp\/v2\/users\/1"}],"replies":[{"embeddable":true,"href":"https:\/\/www.schellingschule.de\/index.php?rest_route=%2Fwp%2Fv2%2Fcomments&post=1237"}],"version-history":[{"count":8,"href":"https:\/\/www.schellingschule.de\/index.php?rest_route=\/wp\/v2\/pages\/1237\/revisions"}],"predecessor-version":[{"id":8473,"href":"https:\/\/www.schellingschule.de\/index.php?rest_route=\/wp\/v2\/pages\/1237\/revisions\/8473"}],"wp:attachment":[{"href":"https:\/\/www.schellingschule.de\/index.php?rest_route=%2Fwp%2Fv2%2Fmedia&parent=1237"}],"curies":[{"name":"wp","href":"https:\/\/api.w.org\/{rel}","templated":true}]}}