{"id":1229,"date":"2013-02-17T17:08:32","date_gmt":"2013-02-17T15:08:32","guid":{"rendered":"http:\/\/www.schellingschule.de\/?page_id=1229"},"modified":"2013-02-17T17:19:38","modified_gmt":"2013-02-17T15:19:38","slug":"verlassliche-grundschule","status":"publish","type":"page","link":"https:\/\/www.schellingschule.de\/?page_id=1229","title":{"rendered":"Verl\u00e4ssliche Grundschule"},"content":{"rendered":"<p style=\"text-align: justify;\"><strong>Betreuung im Rahmen der Verl\u00e4sslichen Grundschule<\/strong><\/p>\n<p style=\"text-align: justify;\"><strong>Liebe Eltern<\/strong>,<\/p>\n<p style=\"text-align: justify;\">wenn Sie berufst\u00e4tig sind, k\u00f6nnte die Betreuung im Rahmen der Verl\u00e4sslichen Grundschule f\u00fcr Sie von Interesse sein.<\/p>\n<p><strong>Betreuungsangebot<\/strong><br \/>\nDie Verl\u00e4ssliche Grundschule (VGS) ist ein Angebot der Stadt Leonberg in Verbindung mit dem Land Baden-W\u00fcrttemberg. Sie bietet an allen Leonberger Grundschulen verl\u00e4ssliche Unterrichtsbl\u00f6cke an den Vormittagen. Erg\u00e4nzend bietet das Amt f\u00fcr Jugend, Familie und Schule (AfJFS) f\u00fcr Kinder der Grundschulklassen 1 bis 4 eine Betreuung durch p\u00e4dagogische Fachkr\u00e4fte vor und \/ oder nach der Unterrichtszeit der Schule an.<\/p>\n<p>Da Ihr Kind durch den vorgegebenen Bildungsplan der Schule viel Konzentration und Ruhe aufbringen muss, ist es uns wichtig, dass es w\u00e4hrend seines Aufenthalts in der Einrichtung einen Ausgleich findet. Die Betreuung im Rahmen der Verl\u00e4sslichen Grundschule soll keine Fortsetzung des Schulunterrichts sein, sondern haupts\u00e4chlich das freie Spiel f\u00f6rdern und unterst\u00fctzen. Das hei\u00dft, die Kinder d\u00fcrfen ihren eigenen Interessen und Bed\u00fcrfnissen nachgehen, soweit dies m\u00f6glich ist. Den Kindern wird der notwendige altersangemessene Freiraum gew\u00e4hrt, um in Kontakt mit Anderen ihr soziales Umfeld zu erweitern und ihre Pers\u00f6nlichkeit zu entwickeln. Die Kinder erhalten Raum und Zeit um zu spielen, zu basteln, zu lesen, Musik zu h\u00f6ren oder sich \u201eauszutoben\u201c.<\/p>\n<p><strong>Betreuungszeiten<\/strong><br \/>\nDer Zeitkorridor f\u00fcr Schulunterricht und Betreuung im Rahmen der VGS umfasst insgesamt 6 Zeitstunden. Bei Ausf\u00e4llen des Schulunterrichts erfolgt die Betreuung durch die Schule.<\/p>\n<p>Die Betreuungszeiten der VGS richten sich nach den jeweiligen Stundenpl\u00e4nen der Schule und sind aus der Geb\u00fchrenordnung ersichtlich, die separat erh\u00e4ltlich ist.<\/p>\n<p><strong>Ferienbetreuung<\/strong><br \/>\nDie Ferienbetreuung ist eine freiwillige Leistung der Stadt Leonberg und kann zu Beginn des Schuljahrs zugebucht werden. Sie findet f\u00fcr alle Kinder der VGS, die von der Stadt \u00fcber die Abteilung Schulwesen betreut werden, zentral in einer Schule statt. Der Ort wird fr\u00fchzeitig bekannt gegeben.<\/p>\n<p>Die Betreuungstage w\u00e4hrend der Schulferien werden vom AfJFS in Verbindung mit den p\u00e4dagogischen Fachkr\u00e4ften orientiert am \u00fcberwiegenden Betreuungsbedarf der Kinder festgelegt.<\/p>\n<p>Die Einrichtung ist insgesamt an 32 Tagen im Jahr geschlossen. Der Ferienplan wird zu Beginn eines neuen Schuljahrs auf einem Elternabend und durch Aushang bekannt gegeben.<\/p>\n<p><strong>Geb\u00fchren<\/strong><br \/>\nDie Geb\u00fchr richtet sich nach dem Umfang der Betreuungszeit sowie der Anzahl der Kinder unter 14 Jahren, die im selben Haushalt einer Familie leben und ber\u00fccksichtigt auch die M\u00f6glichkeit einer Teilnahme an der Ferienbetreuung.<\/p>\n<p>Die Geb\u00fchrenordnung in der jeweiligen Fassung wird den Eltern zusammen mit den Anmeldeunterlagen von der p\u00e4dagogischen Fachkraft ausgeh\u00e4ndigt.<\/p>\n<p><strong>Anmeldeverfahren<\/strong><br \/>\nDie Anmeldung erfolgt \u00fcber ein Anmeldeformular, das bei der p\u00e4dagogischen Fachkraft der VGS erh\u00e4ltlich ist.<\/p>\n<p>Es werden Grundschulkinder von der ersten bis zur vierten Klasse aufgenommen. Die Teilnahme an der Betreuung im Rahmen der VGS richtet sich nach der vorhandenen Platzzahl und der sozialen Dringlichkeit. Das AfJFS entscheidet \u00fcber die Aufnahme des Kindes.<\/p>\n","protected":false},"excerpt":{"rendered":"<p>Betreuung im Rahmen der Verl\u00e4sslichen Grundschule Liebe Eltern, wenn Sie berufst\u00e4tig sind, k\u00f6nnte die Betreuung im Rahmen der Verl\u00e4sslichen Grundschule f\u00fcr Sie von Interesse sein. Betreuungsangebot Die Verl\u00e4ssliche Grundschule (VGS) ist ein Angebot der Stadt Leonberg in Verbindung mit dem &hellip; <a href=\"https:\/\/www.schellingschule.de\/?page_id=1229\">Weiterlesen <span class=\"meta-nav\">&rarr;<\/span><\/a><\/p>\n","protected":false},"author":1,"featured_media":0,"parent":0,"menu_order":0,"comment_status":"closed","ping_status":"open","template":"sidebar-page.php","meta":{"footnotes":""},"class_list":["post-1229","page","type-page","status-publish","hentry"],"_links":{"self":[{"href":"https:\/\/www.schellingschule.de\/index.php?rest_route=\/wp\/v2\/pages\/1229","targetHints":{"allow":["GET"]}}],"collection":[{"href":"https:\/\/www.schellingschule.de\/index.php?rest_route=\/wp\/v2\/pages"}],"about":[{"href":"https:\/\/www.schellingschule.de\/index.php?rest_route=\/wp\/v2\/types\/page"}],"author":[{"embeddable":true,"href":"https:\/\/www.schellingschule.de\/index.php?rest_route=\/wp\/v2\/users\/1"}],"replies":[{"embeddable":true,"href":"https:\/\/www.schellingschule.de\/index.php?rest_route=%2Fwp%2Fv2%2Fcomments&post=1229"}],"version-history":[{"count":4,"href":"https:\/\/www.schellingschule.de\/index.php?rest_route=\/wp\/v2\/pages\/1229\/revisions"}],"predecessor-version":[{"id":1233,"href":"https:\/\/www.schellingschule.de\/index.php?rest_route=\/wp\/v2\/pages\/1229\/revisions\/1233"}],"wp:attachment":[{"href":"https:\/\/www.schellingschule.de\/index.php?rest_route=%2Fwp%2Fv2%2Fmedia&parent=1229"}],"curies":[{"name":"wp","href":"https:\/\/api.w.org\/{rel}","templated":true}]}}